{"id":491,"date":"2023-02-07T12:55:40","date_gmt":"2023-02-07T15:55:40","guid":{"rendered":"https:\/\/www.loveandfearstudio.com\/home\/"},"modified":"2023-08-28T18:21:21","modified_gmt":"2023-08-28T22:21:21","slug":"home","status":"publish","type":"page","link":"https:\/\/www.loveandfearstudio.com\/es\/","title":{"rendered":"Home"},"content":{"rendered":"<section class=\"l-section wpb_row width_margins logo_cover color_element_mandatory height_medium full_height valign_center color_alternate with_img parallax_fixed\" id=\"home_cover\"><div class=\"l-section-img\" role=\"img\" data-img-width=\"1920\" data-img-height=\"1265\" style=\"background-image: url(https:\/\/www.loveandfearstudio.com\/lovefear\/wp-content\/uploads\/2023\/08\/LoveFear_Studio_Human_Creativity.jpg);background-repeat: no-repeat;\"><\/div><div class=\"l-section-h i-cf\"><div class=\"g-cols vc_row via_grid cols_1 laptops-cols_inherit tablets-cols_inherit mobiles-cols_1 valign_top type_default stacking_default\"><div class=\"wpb_column vc_column_container\"><div class=\"vc_column-inner\"><div class=\"g-cols wpb_row please_parallax ac3 via_grid cols_1 laptops-cols_inherit tablets-cols_inherit mobiles-cols_1 valign_top type_default stacking_default\" style=\"--gap:3rem;\"><div class=\"wpb_column vc_column_container\"><div class=\"vc_column-inner\"><div class=\"w-separator size_large\"><\/div><div class=\"wpb_text_column size_home_title size_inherit animate_titles activate_on_scroll\"><div class=\"wpb_wrapper\"><h2 style=\"text-align: center;\">Creatividad <strong>humana<\/strong> para <strong>marcas<\/strong> humanas<\/h2>\n<\/div><\/div><div class=\"w-separator size_medium\"><\/div><div class=\"w-hwrapper grid_el grid_appear activate_on_scroll from_bottom valign_middle align_center\" style=\"--hwrapper-gap:1.20rem\">\t<a class=\"home_cta w-btn\" href=\"#we_believe\" >\n\t\t\n\t\t<div class=\"home_cta_bg\"><\/div>\n\t\t<div class=\"home_cta_bg_over\"><\/div>\n\t\t<div class=\"home_cta_content\">Descubre m\u00e1s<\/div>\n\t\t<div class=\"home_cta_over\">\n\t\t\t<div class=\"home_cta_eye\">\n\t\t\t\t<div class=\"home_cta_eye_bg\"><svg xmlns=\"http:\/\/www.w3.org\/2000\/svg\" viewBox=\"0 0 70 70\"><path d=\"M70.04,22.07c-.61,8.92-1.16,17.96-1.87,26.86-5.71,6.97-11.59,13.79-17.37,20.64-10.39-.08-20.68-.14-31.05-.31L-.12,48.61c.64-9.02,.75-17.97,1.36-26.89C7.15,14.8,13.29,8.15,19.17,1.33c9.48-.36,19.21-.86,28.65-1.03,7.57,7.3,14.76,14.5,22.23,21.78Z\"\/><\/svg><\/div>\n\t\t\t\t<div class=\"home_cta_eye_inner\"><svg xmlns=\"http:\/\/www.w3.org\/2000\/svg\" viewBox=\"0 0 70 70\"><path class=\"cls-1\" d=\"M3.73,34.01l4.13,14.15c8.81,2.22,17.73,4.36,26.54,6.58,8.4-1.67,16.77-3.24,25.18-4.91,1.88-4.81,3.83-9.5,5.71-14.32l-4.43-13.82c-8.57-1.95-17.26-3.83-25.83-5.78l-25.9,5.33c-1.82,4.21-3.58,8.55-5.4,12.76Z\"\/><\/svg><\/div>\n\t\t\t\t<div class=\"home_cta_eye_pupil\"><\/div>\n\t\t\t<\/div>\n\n\t\t<\/div>\n\t\t\n\t<\/a>\n\t<div class=\"wpb_text_column\"><div class=\"wpb_wrapper\">\n<\/div><\/div><\/div><\/div><\/div><\/div><\/div><\/div><\/div><\/div><\/section><section class=\"l-section wpb_row height_auto full_height valign_center width_full color_primary\" id=\"we_believe\"><div class=\"l-section-h i-cf\"><div class=\"g-cols vc_row via_grid cols_1 laptops-cols_inherit tablets-cols_inherit mobiles-cols_1 valign_top type_default stacking_default\"><div class=\"wpb_column vc_column_container\"><div class=\"vc_column-inner\"><div class=\"w-vwrapper home_webelieve_block align_center valign_middle\" style=\"--vwrapper-gap:1.5rem\"><div class=\"w-image we_believe_bg image_appear activate_on_scroll align_none\"><div class=\"w-image-h\"><img decoding=\"async\" width=\"1200\" height=\"1200\" src=\"https:\/\/www.loveandfearstudio.com\/lovefear\/wp-content\/uploads\/2023\/08\/LoveFear_webelieve_test1.jpg\" class=\"attachment-full size-full\" alt=\"\" loading=\"lazy\" srcset=\"https:\/\/www.loveandfearstudio.com\/lovefear\/wp-content\/uploads\/2023\/08\/LoveFear_webelieve_test1.jpg 1200w, https:\/\/www.loveandfearstudio.com\/lovefear\/wp-content\/uploads\/2023\/08\/LoveFear_webelieve_test1-300x300.jpg 300w, https:\/\/www.loveandfearstudio.com\/lovefear\/wp-content\/uploads\/2023\/08\/LoveFear_webelieve_test1-1024x1024.jpg 1024w, https:\/\/www.loveandfearstudio.com\/lovefear\/wp-content\/uploads\/2023\/08\/LoveFear_webelieve_test1-150x150.jpg 150w\" sizes=\"auto, (max-width: 1200px) 100vw, 1200px\" \/><\/div><\/div><div class=\"wpb_text_column size_home_extrabig size_inherit activate_on_scroll animate_titles\"><div class=\"wpb_wrapper\"><h2>Creemos<strong><br \/>\n<\/strong><\/h2>\n<\/div><\/div><div class=\"w-hwrapper valign_middle wrap align_center\" style=\"--hwrapper-gap:1.20rem\"><div class=\"w-btn-wrapper align_none\"><a class=\"w-btn us-btn-style_3 us_custom_63d46179 transition_button us_animate_this\" title=\"Creemos\" href=\"https:\/\/www.loveandfearstudio.com\/es\/creemos\/#human_brands\"><span class=\"w-btn-label\">Marcas humanas<\/span><\/a><\/div><div class=\"w-btn-wrapper align_none\"><a class=\"w-btn us-btn-style_3 us_custom_1283cd3b transition_button us_animate_this\" title=\"Creemos\" href=\"https:\/\/www.loveandfearstudio.com\/es\/creemos\/#real_life\"><span class=\"w-btn-label\">Ideas en la vida real<\/span><\/a><\/div><\/div><\/div><\/div><\/div><\/div><\/div><\/section><section class=\"l-section wpb_row height_medium full_height valign_center color_alternate\"><div class=\"l-section-h i-cf\"><div class=\"g-cols vc_row via_grid cols_1 laptops-cols_inherit tablets-cols_inherit mobiles-cols_1 valign_top type_default stacking_default\"><div class=\"wpb_column vc_column_container\"><div class=\"vc_column-inner\"><div class=\"w-hwrapper valign_middle align_center\" style=\"--hwrapper-gap:1.20rem\"><div class=\"wpb_text_column size_inherit size_h4 heading_underline animate_titles\"><div class=\"wpb_wrapper\"><h2 style=\"text-align: center;\">C\u00f3mo trabajamos<\/h2>\n<\/div><\/div><\/div><div class=\"w-separator size_medium\"><\/div><div class=\"w-vwrapper please_parallax ac1 big_letters_buttons align_none valign_top\" style=\"--vwrapper-gap:0rem\"><div class=\"wpb_text_column us_custom_8b61ab3a us_animate_this\"><div class=\"wpb_wrapper\"><h3 style=\"text-align: center;\"><span class=\"size_home_extrabig\"><a class=\"transition_button\" href=\"https:\/\/www.loveandfearstudio.com\/es\/como-trabajamos\/#partnership\">Partnership<\/a><\/span><br \/>\n<span class=\"size_h1\" style=\"font-weight: 300;\">&amp;<\/span><br \/>\n<span class=\"size_home_extrabig\"><a class=\"transition_button\" href=\"https:\/\/www.loveandfearstudio.com\/es\/como-trabajamos\/#collaborators\">Colaboradores<\/a><\/span><\/h3>\n<\/div><\/div><\/div><\/div><\/div><\/div><\/div><\/section><section class=\"l-section wpb_row height_medium full_height valign_center\" id=\"whatwedo\"><div class=\"l-section-h i-cf\"><div class=\"g-cols vc_row via_grid cols_1 laptops-cols_inherit tablets-cols_inherit mobiles-cols_1 valign_top type_default stacking_default\"><div class=\"wpb_column vc_column_container\"><div class=\"vc_column-inner\"><div class=\"w-hwrapper valign_middle align_center\" style=\"--hwrapper-gap:1.20rem\"><div class=\"wpb_text_column size_inherit size_h4 heading_underline animate_titles\"><div class=\"wpb_wrapper\"><h2 style=\"text-align: center;\">Qu\u00e9 hacemos<\/h2>\n<\/div><\/div><\/div><div class=\"w-separator size_medium\"><\/div><div class=\"w-hwrapper what_we_do_grid valign_top align_center\" style=\"--hwrapper-gap:0rem\"><div class=\"w-flipbox square_flip_box animation_cardflip direction_w\"><div class=\"w-flipbox-h easing_ease\" style=\"transition-duration:0.5s;\"><div class=\"w-flipbox-hh\"><div class=\"w-flipbox-front\" style=\"background:var(--color-alt-content-bg);color:var(--color-alt-content-heading);background-image:url(https:\/\/www.loveandfearstudio.com\/lovefear\/wp-content\/uploads\/2023\/08\/LoveFear_What_We_Do_Brand_Strategy-1024x1024.jpg);\"><div class=\"w-flipbox-front-h\"><h4 class=\"w-flipbox-front-title\" style=\"font-size:1.15em;\">Creaci\u00f3n de marca y estrategia<\/h4><div class=\"w-flipbox-front-icon style_default\" style=\"font-size:1.5em;background:var(--color-content-bg-alt);\"><i class=\"far fa-plus\"><\/i><\/div><\/div><\/div><div class=\"w-flipbox-back\" style=\"display:none;background:var(--color-header-top-bg);\"><div class=\"w-flipbox-back-h\"><p class=\"w-flipbox-back-title\" style=\"font-size:1.15em;\">Cada marca es un universo y necesitas un mapa para navergarla. Te ayudamos a descubrir y visualizar los next steps de tu marca.<\/p><div class=\"w-flipbox-back-desc\"><p>Creaci\u00f3n de identidad<br \/>\nDise\u00f1o de experiencia estrat\u00e9gico<br \/>\nJourney emocional de marca<\/p>\n<\/div><\/div><\/div><\/div><\/div><\/div><div class=\"w-flipbox square_flip_box animation_cardflip direction_w\"><div class=\"w-flipbox-h easing_ease\" style=\"transition-duration:0.5s;\"><div class=\"w-flipbox-hh\"><div class=\"w-flipbox-front\" style=\"background:var(--color-alt-content-bg);color:var(--color-alt-content-heading);background-image:url(https:\/\/www.loveandfearstudio.com\/lovefear\/wp-content\/uploads\/2023\/08\/LoveFear_What_We_Do_Visual_Design_Content-1024x1024.jpg);\"><div class=\"w-flipbox-front-h\"><h4 class=\"w-flipbox-front-title\" style=\"font-size:1.15em;\">Dise\u00f1o &amp; contenido<\/h4><div class=\"w-flipbox-front-icon style_default\" style=\"font-size:1.5em;background:var(--color-content-bg-alt);\"><i class=\"far fa-plus\"><\/i><\/div><\/div><\/div><div class=\"w-flipbox-back\" style=\"display:none;background:var(--color-header-top-bg);\"><div class=\"w-flipbox-back-h\"><p class=\"w-flipbox-back-title\" style=\"font-size:1.15em;\">Damos forma y traducimos tu identidad de marca y prop\u00f3sito en palabras, visuales y sonido.<\/p><div class=\"w-flipbox-back-desc\"><p>Dise\u00f1o visual y de comunicaci\u00f3n<br \/>\nContenidos multi plataformas (off\/online)<br \/>\nContenido colaborativo<\/p>\n<\/div><\/div><\/div><\/div><\/div><\/div><div class=\"w-flipbox square_flip_box animation_cardflip direction_w\"><div class=\"w-flipbox-h easing_ease\" style=\"transition-duration:0.5s;\"><div class=\"w-flipbox-hh\"><div class=\"w-flipbox-front\" style=\"background:var(--color-alt-content-bg);color:var(--color-alt-content-heading);background-image:url(https:\/\/www.loveandfearstudio.com\/lovefear\/wp-content\/uploads\/2023\/08\/LoveFear_What_We_Do_Inspire_Learn-1024x1024.jpg);\"><div class=\"w-flipbox-front-h\"><h4 class=\"w-flipbox-front-title\" style=\"font-size:1.15em;\">Inspirar &amp; aprender<\/h4><div class=\"w-flipbox-front-icon style_default\" style=\"font-size:1.5em;background:var(--color-content-bg-alt);\"><i class=\"far fa-plus\"><\/i><\/div><\/div><\/div><div class=\"w-flipbox-back\" style=\"display:none;background:var(--color-header-top-bg);\"><div class=\"w-flipbox-back-h\"><p class=\"w-flipbox-back-title\" style=\"font-size:1.15em;\">Este viaje lo hacemos juntos, por ende aprendemos juntos.<\/p><div class=\"w-flipbox-back-desc\"><p>Sesiones de marca<br \/>\nMasterclasses con invitados<br \/>\nAcceso online a material de clases<\/p>\n<\/div><\/div><\/div><\/div><\/div><\/div><\/div><\/div><\/div><\/div><\/div><\/section>\n","protected":false},"excerpt":{"rendered":"Creatividad humana para marcas humanas Descubre m\u00e1s Creemos Marcas humanasIdeas en la vida realC\u00f3mo trabajamos Partnership &amp; Colaboradores Qu\u00e9 hacemos Creaci\u00f3n de marca y estrategiaCada marca es un universo y necesitas un mapa para navergarla. Te ayudamos a descubrir y visualizar los next steps de tu marca.Creaci\u00f3n de identidad Dise\u00f1o de experiencia estrat\u00e9gico Journey emocional...","protected":false},"author":1,"featured_media":0,"parent":0,"menu_order":0,"comment_status":"closed","ping_status":"closed","template":"","meta":{"_seopress_robots_primary_cat":"","_seopress_titles_title":"Love & Fear Studio","_seopress_titles_desc":"Creatividad humana para marcas humanas Dise\u00f1o emocional y dise\u00f1o de experiencia para marcas que buscan crear conexiones significativas.","_seopress_robots_index":"","footnotes":""},"class_list":["post-491","page","type-page","status-publish","hentry"],"acf":[],"_links":{"self":[{"href":"https:\/\/www.loveandfearstudio.com\/es\/wp-json\/wp\/v2\/pages\/491","targetHints":{"allow":["GET"]}}],"collection":[{"href":"https:\/\/www.loveandfearstudio.com\/es\/wp-json\/wp\/v2\/pages"}],"about":[{"href":"https:\/\/www.loveandfearstudio.com\/es\/wp-json\/wp\/v2\/types\/page"}],"author":[{"embeddable":true,"href":"https:\/\/www.loveandfearstudio.com\/es\/wp-json\/wp\/v2\/users\/1"}],"replies":[{"embeddable":true,"href":"https:\/\/www.loveandfearstudio.com\/es\/wp-json\/wp\/v2\/comments?post=491"}],"version-history":[{"count":9,"href":"https:\/\/www.loveandfearstudio.com\/es\/wp-json\/wp\/v2\/pages\/491\/revisions"}],"predecessor-version":[{"id":522,"href":"https:\/\/www.loveandfearstudio.com\/es\/wp-json\/wp\/v2\/pages\/491\/revisions\/522"}],"wp:attachment":[{"href":"https:\/\/www.loveandfearstudio.com\/es\/wp-json\/wp\/v2\/media?parent=491"}],"curies":[{"name":"wp","href":"https:\/\/api.w.org\/{rel}","templated":true}]}}