{"id":492,"date":"2023-08-10T08:04:54","date_gmt":"2023-08-10T12:04:54","guid":{"rendered":"https:\/\/www.loveandfearstudio.com\/sobre-nosotras\/"},"modified":"2025-02-05T17:34:48","modified_gmt":"2025-02-05T20:34:48","slug":"sobre-nosotras","status":"publish","type":"page","link":"https:\/\/www.loveandfearstudio.com\/es\/sobre-nosotras\/","title":{"rendered":"Sobre nosotras"},"content":{"rendered":"<section class=\"l-section wpb_row sticky_title height_auto type_sticky\"><div class=\"l-section-h i-cf\"><div class=\"g-cols vc_row via_grid cols_1 laptops-cols_inherit tablets-cols_inherit mobiles-cols_1 valign_top type_default stacking_default\"><div class=\"wpb_column vc_column_container\"><div class=\"vc_column-inner\"><div class=\"w-hwrapper valign_middle align_center\" style=\"--hwrapper-gap:1.20rem\"><div class=\"wpb_text_column us_custom_d54560b8 size_inherit size_h3 heading_underline\"><div class=\"wpb_wrapper\"><h1 style=\"text-align: center;\">Sobre nosotras<\/h1>\n<\/div><\/div><\/div><\/div><\/div><\/div><\/div><\/section><section class=\"l-section wpb_row height_medium\"><div class=\"l-section-h i-cf\"><div class=\"g-cols vc_row via_grid cols_1 laptops-cols_inherit tablets-cols_inherit mobiles-cols_1 valign_top type_default stacking_default\"><div class=\"wpb_column vc_column_container\"><div class=\"vc_column-inner\"><div class=\"g-cols wpb_row via_grid cols_5-1 laptops-cols_inherit tablets-cols_inherit mobiles-cols_1 valign_top type_default stacking_default\" style=\"--gap:3rem;\"><div class=\"wpb_column vc_column_container please_parallax ac1\"><div class=\"vc_column-inner\"><div class=\"wpb_text_column\"><div class=\"wpb_wrapper\"><h2>Love &amp; Fear nace del deseo de construir conexiones reales y duraderas en un mundo que ofrece un frenes\u00ed de est\u00edmulos.<\/h2>\n<\/div><\/div><\/div><\/div><div class=\"wpb_column vc_column_container\"><div class=\"vc_column-inner\"><\/div><\/div><\/div><div class=\"w-separator size_large\"><\/div><div class=\"g-cols wpb_row via_grid cols_1-2 laptops-cols_inherit tablets-cols_inherit mobiles-cols_1 valign_top type_default stacking_default\" style=\"--gap:3rem;\"><div class=\"wpb_column vc_column_container\"><div class=\"vc_column-inner\"><\/div><\/div><div class=\"wpb_column vc_column_container\"><div class=\"vc_column-inner\"><div class=\"wpb_text_column\"><div class=\"wpb_wrapper\"><p>Comprendemos que las interacciones humanas son cada vez m\u00e1s fugaces y que no logran generar un v\u00ednculo resistente a largo plazo, menos en el mundo donde se ofrecen servicios y productos, no hay una relaci\u00f3n horizontal ni honesta. Hemos decidido dejar de hacer lo mismo que otros.<\/p>\n<\/div><\/div><\/div><\/div><\/div><\/div><\/div><\/div><\/div><\/section><section class=\"l-section wpb_row height_medium color_footer-bottom\"><div class=\"l-section-h i-cf\"><div class=\"g-cols vc_row via_grid cols_1 laptops-cols_inherit tablets-cols_inherit mobiles-cols_1 valign_top type_default stacking_default\"><div class=\"wpb_column vc_column_container\"><div class=\"vc_column-inner\"><div class=\"g-cols wpb_row via_grid cols_2 laptops-cols_inherit tablets-cols_inherit mobiles-cols_1 valign_middle type_default stacking_default\" style=\"--gap:3rem;\"><div class=\"wpb_column vc_column_container\"><div class=\"vc_column-inner\"><div class=\"w-vwrapper align_none valign_top\" style=\"--vwrapper-gap:0rem\"><div class=\"wpb_text_column us_custom_63d46179 us_animate_this\"><div class=\"wpb_wrapper\"><p><span class=\"notion-enable-hover\" data-token-index=\"0\">Nos fascina la conexi\u00f3n entre las personas y el mundo, la chispa de sentirse entendido y sostenido. Ese momento en que te das cuenta que no estas sola o solo. Ese espacio en donde te das cuenta que lo cotidiano y lo simple, es lo sublime.<\/span><\/p>\n<\/div><\/div><\/div><\/div><\/div><div class=\"wpb_column vc_column_container please_parallax ac1\"><div class=\"vc_column-inner\"><div class=\"wpb_text_column us_custom_63d46179 us_animate_this\"><div class=\"wpb_wrapper\"><blockquote>\n<p><span class=\"notion-enable-hover\" data-token-index=\"0\">Nuestro lenguaje son las emociones y desde ese lugar universal nos transformamos en partners de nuestros clientes, ayud\u00e1ndolos a definir y comunicar qui\u00e9nes realmente son.<br \/>\n<\/span><\/p>\n<\/blockquote>\n<\/div><\/div><\/div><\/div><\/div><\/div><\/div><\/div><\/div><\/section><section class=\"l-section wpb_row height_medium\"><div class=\"l-section-h i-cf\"><div class=\"g-cols vc_row via_grid cols_1 laptops-cols_inherit tablets-cols_inherit mobiles-cols_1 valign_top type_default stacking_default\"><div class=\"wpb_column vc_column_container\"><div class=\"vc_column-inner\"><div class=\"g-cols wpb_row via_grid cols_1 laptops-cols_inherit tablets-cols_inherit mobiles-cols_1 valign_middle type_default stacking_default\" style=\"--gap:3rem;\"><div class=\"wpb_column vc_column_container please_parallax ac2\"><div class=\"vc_column-inner\"><div class=\"wpb_text_column us_custom_e591ff09 em_highlight us_animate_this\"><div class=\"wpb_wrapper\"><p style=\"text-align: center;\">Nos gusta comunicar de manera<br \/>\n<em><strong>honesta<br \/>\nemp\u00e1tica<br \/>\nhumana<br \/>\ngenuina<\/strong><\/em><\/p>\n<\/div><\/div><\/div><\/div><\/div><\/div><\/div><\/div><\/div><\/section><section class=\"l-section wpb_row us_custom_887a049b height_large\"><div class=\"l-section-h i-cf\"><div class=\"g-cols vc_row via_grid cols_1 laptops-cols_inherit tablets-cols_inherit mobiles-cols_1 valign_top type_default stacking_default\"><div class=\"wpb_column vc_column_container\"><div class=\"vc_column-inner\"><div class=\"g-cols wpb_row via_grid cols_2 laptops-cols_inherit tablets-cols_inherit mobiles-cols_1 valign_middle type_default stacking_default\" style=\"--gap:3rem;\"><div class=\"wpb_column vc_column_container\"><div class=\"vc_column-inner\"><div class=\"w-vwrapper activate_on_scroll animate_titles align_none valign_top\" style=\"--vwrapper-gap:0rem\"><div class=\"w-image image_appear activate_on_scroll has_ratio align_none\"><div class=\"w-image-h\"><div style=\"padding-bottom:100%\"><\/div><img decoding=\"async\" width=\"1024\" height=\"1024\" src=\"https:\/\/www.loveandfearstudio.com\/lovefear\/wp-content\/uploads\/2023\/08\/LoveFear_Tamara_Parraguez-1024x1024.jpg\" class=\"attachment-large size-large\" alt=\"Tamara Parraguez Founder Love&amp;Fear\" loading=\"lazy\" \/><\/div><\/div><\/div><\/div><\/div><div class=\"wpb_column vc_column_container please_parallax ac1\"><div class=\"vc_column-inner\"><div class=\"wpb_text_column us_custom_8b61ab3a em_highlight us_animate_this\"><div class=\"wpb_wrapper\"><blockquote>\n<p><span class=\"notion-enable-hover\" data-token-index=\"0\">Encuentro fascinante la conexi\u00f3n entre dos o m\u00e1s personas y esa misma chispa puede existir para las marcas que buscan conexiones reales con sus comunidades y clientes.<\/span><\/p>\n<\/blockquote>\n<p><strong>Tamara Parraguez<\/strong><br \/>\nFundadora Love &amp; Fear<\/p>\n<\/div><\/div><\/div><\/div><\/div><\/div><\/div><\/div><\/div><\/section>\n","protected":false},"excerpt":{"rendered":"Sobre nosotras Love &amp; Fear nace del deseo de construir conexiones reales y duraderas en un mundo que ofrece un frenes\u00ed de est\u00edmulos. Comprendemos que las interacciones humanas son cada vez m\u00e1s fugaces y que no logran generar un v\u00ednculo resistente a largo plazo, menos en el mundo donde se ofrecen servicios y productos, no...","protected":false},"author":1,"featured_media":0,"parent":0,"menu_order":0,"comment_status":"closed","ping_status":"closed","template":"","meta":{"_seopress_robots_primary_cat":"","_seopress_titles_title":"Sobre nosotras. Love & Fear Studio","_seopress_titles_desc":"Nuestro lenguaje son las emociones y desde ese lugar universal nos transformamos en partners de nuestros clientes, ayud\u00e1ndolos a definir y comunicar qui\u00e9nes realmente son.","_seopress_robots_index":"","footnotes":""},"class_list":["post-492","page","type-page","status-publish","hentry"],"acf":[],"_links":{"self":[{"href":"https:\/\/www.loveandfearstudio.com\/es\/wp-json\/wp\/v2\/pages\/492","targetHints":{"allow":["GET"]}}],"collection":[{"href":"https:\/\/www.loveandfearstudio.com\/es\/wp-json\/wp\/v2\/pages"}],"about":[{"href":"https:\/\/www.loveandfearstudio.com\/es\/wp-json\/wp\/v2\/types\/page"}],"author":[{"embeddable":true,"href":"https:\/\/www.loveandfearstudio.com\/es\/wp-json\/wp\/v2\/users\/1"}],"replies":[{"embeddable":true,"href":"https:\/\/www.loveandfearstudio.com\/es\/wp-json\/wp\/v2\/comments?post=492"}],"version-history":[{"count":15,"href":"https:\/\/www.loveandfearstudio.com\/es\/wp-json\/wp\/v2\/pages\/492\/revisions"}],"predecessor-version":[{"id":581,"href":"https:\/\/www.loveandfearstudio.com\/es\/wp-json\/wp\/v2\/pages\/492\/revisions\/581"}],"wp:attachment":[{"href":"https:\/\/www.loveandfearstudio.com\/es\/wp-json\/wp\/v2\/media?parent=492"}],"curies":[{"name":"wp","href":"https:\/\/api.w.org\/{rel}","templated":true}]}}