{"id":494,"date":"2023-03-08T14:38:44","date_gmt":"2023-03-08T17:38:44","guid":{"rendered":"https:\/\/www.loveandfearstudio.com\/como-trabajamos\/"},"modified":"2025-02-05T16:52:11","modified_gmt":"2025-02-05T19:52:11","slug":"como-trabajamos","status":"publish","type":"page","link":"https:\/\/www.loveandfearstudio.com\/es\/como-trabajamos\/","title":{"rendered":"C\u00f3mo trabajamos"},"content":{"rendered":"<section class=\"l-section wpb_row sticky_title height_auto type_sticky\"><div class=\"l-section-h i-cf\"><div class=\"g-cols vc_row via_grid cols_1 laptops-cols_inherit tablets-cols_inherit mobiles-cols_1 valign_top type_default stacking_default\"><div class=\"wpb_column vc_column_container\"><div class=\"vc_column-inner\"><div class=\"w-hwrapper valign_middle align_center\" style=\"--hwrapper-gap:1.20rem\"><div class=\"wpb_text_column us_custom_d54560b8 size_inherit size_h3 heading_underline animate_titles\"><div class=\"wpb_wrapper\"><h1 style=\"text-align: center;\">C\u00f3mo trabajamos<\/h1>\n<\/div><\/div><\/div><\/div><\/div><\/div><\/div><\/section><section class=\"l-section wpb_row height_medium\" id=\"partnership\"><div class=\"l-section-h i-cf\"><div class=\"g-cols vc_row via_grid cols_1 laptops-cols_inherit tablets-cols_inherit mobiles-cols_1 valign_top type_default stacking_default\"><div class=\"wpb_column vc_column_container\"><div class=\"vc_column-inner\"><div class=\"w-separator size_small\"><\/div><div class=\"wpb_text_column size_inherit size_h1 animate_titles\"><div class=\"wpb_wrapper\"><h2>Partnership<\/h2>\n<\/div><\/div><div class=\"w-separator size_small\"><\/div><div class=\"g-cols wpb_row us_custom_63d46179 us_animate_this via_grid cols_2 laptops-cols_inherit tablets-cols_inherit mobiles-cols_1 valign_top type_default stacking_default\" style=\"--gap:3rem;\"><div class=\"wpb_column vc_column_container please_parallax ac1\"><div class=\"vc_column-inner\"><div class=\"wpb_text_column big_p\"><div class=\"wpb_wrapper\"><p>Socios por encima de simples clientes.<br \/>\nQueremos conocerte, pero conocerte de verdad a ti y a tu equipo.<br \/>\nM\u00e1s que prestarte servicios, queremos ayudarte como si tu marca fuera la nuestra, en Love &amp; Fear somos tus socios en el crimen.<\/p>\n<\/div><\/div><\/div><\/div><div class=\"wpb_column vc_column_container please_parallax ac3\"><div class=\"vc_column-inner\"><div class=\"wpb_text_column\"><div class=\"wpb_wrapper\"><p>Nuestro proceso de trabajo comienza con una fase inmersiva, donde trabajamos paso a paso con tu equipo y con quien quiera sumarse, en el viaje de construir una marca poderosa y significativa.<\/p>\n<p>Contamos con Brand Sessions, sesiones donde t\u00fa y tu equipo podr\u00e1n aprender e inspirarse en c\u00f3mo seguir construyendo una marca que refleje la identidad y cultura de tu empresa. En paralelo entregamos estrategia y servicios de dise\u00f1o para hacer todas las ideas realidad.<\/p>\n<\/div><\/div><\/div><\/div><\/div><div class=\"g-cols wpb_row via_grid cols_1-2-1 laptops-cols_inherit tablets-cols_inherit mobiles-cols_1 valign_middle type_default stacking_default\" style=\"--gap:3rem;\"><div class=\"wpb_column vc_column_container please_parallax ac3\"><div class=\"vc_column-inner\"><\/div><\/div><div class=\"wpb_column vc_column_container please_parallax ac1\"><div class=\"vc_column-inner\"><div class=\"w-vwrapper align_none valign_top\" style=\"--vwrapper-gap:0rem\"><div class=\"w-image image_appear activate_on_scroll has_ratio align_none\"><div class=\"w-image-h\"><div style=\"padding-bottom:100%\"><\/div><img decoding=\"async\" width=\"1024\" height=\"1024\" src=\"https:\/\/www.loveandfearstudio.com\/lovefear\/wp-content\/uploads\/2023\/08\/LoveFear_How_We_Work_Partnership-1024x1024.jpg\" class=\"attachment-large size-large\" alt=\"\" loading=\"lazy\" \/><\/div><\/div><\/div><\/div><\/div><div class=\"wpb_column vc_column_container\"><div class=\"vc_column-inner\"><\/div><\/div><\/div><\/div><\/div><\/div><\/div><\/section><section class=\"l-section wpb_row height_medium\" id=\"collaborators\"><div class=\"l-section-h i-cf\"><div class=\"g-cols vc_row via_grid cols_1 laptops-cols_inherit tablets-cols_inherit mobiles-cols_1 valign_top type_default stacking_default\"><div class=\"wpb_column vc_column_container\"><div class=\"vc_column-inner\"><div class=\"w-separator size_large\"><\/div><div class=\"wpb_text_column size_inherit size_h1 animate_titles\"><div class=\"wpb_wrapper\"><h2>Colaboradores<\/h2>\n<\/div><\/div><div class=\"w-separator size_small\"><\/div><div class=\"g-cols wpb_row us_custom_1283cd3b us_animate_this via_grid cols_2 laptops-cols_inherit tablets-cols_inherit mobiles-cols_1 valign_top type_default stacking_default\" style=\"--gap:3rem;\"><div class=\"wpb_column vc_column_container please_parallax ac1\"><div class=\"vc_column-inner\"><div class=\"wpb_text_column big_p\"><div class=\"wpb_wrapper\"><p>Cada marca es diferentes y est\u00e1 viviendo un viaje diferente, es por esto que trabajamos con una red de colaboradores global. Te ofrecemos un equipo creado especialmente para ti dependiendo de lo que tu marca necesite.<\/p>\n<\/div><\/div><\/div><\/div><div class=\"wpb_column vc_column_container please_parallax ac3\"><div class=\"vc_column-inner\"><div class=\"wpb_text_column\"><div class=\"wpb_wrapper\"><p>Desde artistas visuales, dise\u00f1adores de servicios, cineastas, fot\u00f3grafos, redactores publicitarios, ilustradores hasta psic\u00f3logos.<br \/>\nPodemos ponerte en contacto con el talento creativo que necesitas sin el ajetreo de los procesos de contrataci\u00f3n.<\/p>\n<\/div><\/div><\/div><\/div><\/div><div class=\"w-separator size_large\"><\/div><div class=\"g-cols wpb_row us_custom_40f5e63d us_animate_this via_grid cols_1 laptops-cols_inherit tablets-cols_inherit mobiles-cols_1 valign_middle type_default stacking_default\" style=\"--gap:3rem;\"><div class=\"wpb_column vc_column_container please_parallax ac1\"><div class=\"vc_column-inner\"><div class=\"wpb_text_column em_highlight\"><div class=\"wpb_wrapper\"><p style=\"text-align: center;\"><em><strong>Esta es una red de amigos creativos, seres humanos creativos que aman las marcas humanas.<\/strong><\/em><\/p>\n<\/div><\/div><\/div><\/div><\/div><div class=\"w-separator size_large\"><\/div><div class=\"w-grid type_grid layout_215 cols_3 pagination_ajax with_css_animation\" id=\"us_grid_1\" style=\"--gap:1.5rem;\" data-filterable=\"true\"><style>@media (max-width:1024px){#us_grid_1 .w-grid-item{width:50%}}@media (max-width:600px){#us_grid_1 .w-grid-list{margin:0}#us_grid_1 .w-grid-item{width:100%;padding:0;margin-bottom:var(--gap,0px)}}.layout_215 .w-grid-item-h{}.layout_215 .usg_vwrapper_2{position:absolute!important;left:5%!important;bottom:5%!important;right:5%!important;padding:5%!important;background:var(--color-content-bg-alt)!important}.layout_215 .usg_post_title_1{font-size:.8rem!important;text-transform:uppercase!important}.layout_215 .usg_post_content_1{text-align:center!important;font-size:.8rem!important;line-height:1!important;font-weight:600!important}<\/style><div class=\"w-grid-list\">\t<article class=\"w-grid-item us_animate_afc size_1x1 post-423 love-team type-love-team status-publish has-post-thumbnail hentry\" data-id=\"423\" style=\"animation-delay:0s\">\r\n\t\t<div class=\"w-grid-item-h\">\r\n\t\t\t\t\t\t<div class=\"w-vwrapper usg_vwrapper_1 align_none valign_top\" style=\"--vwrapper-gap:0rem\"><div class=\"w-post-elm post_image usg_post_image_1 has_ratio\"><img loading=\"lazy\" decoding=\"async\" width=\"600\" height=\"600\" src=\"https:\/\/www.loveandfearstudio.com\/lovefear\/wp-content\/uploads\/2023\/08\/MarianaVazquez__LoveFear_Collaborator.jpg\" class=\"attachment-large size-large wp-post-image\" alt=\"\" \/><div style=\"padding-bottom:100%\"><\/div><\/div><div class=\"w-vwrapper usg_vwrapper_2 align_none valign_top\" style=\"--vwrapper-gap:0.4rem\"><h4 class=\"w-post-elm post_title usg_post_title_1 align_center entry-title color_link_inherit\">Mariana V\u00e1zquez<\/h4><div class=\"w-post-elm post_content usg_post_content_1\"><p>Creative Project Manager<\/p>\n<\/div><\/div><\/div>\t\t<\/div>\r\n\t\t\t<\/article>\r\n\t<article class=\"w-grid-item us_animate_afc size_1x1 post-421 love-team type-love-team status-publish has-post-thumbnail hentry\" data-id=\"421\" style=\"animation-delay:0.1s\">\r\n\t\t<div class=\"w-grid-item-h\">\r\n\t\t\t\t\t\t<div class=\"w-vwrapper usg_vwrapper_1 align_none valign_top\" style=\"--vwrapper-gap:0rem\"><div class=\"w-post-elm post_image usg_post_image_1 has_ratio\"><img loading=\"lazy\" decoding=\"async\" width=\"600\" height=\"600\" src=\"https:\/\/www.loveandfearstudio.com\/lovefear\/wp-content\/uploads\/2023\/05\/AndreaInfante_LoveFear_Collaborator.jpg\" class=\"attachment-large size-large wp-post-image\" alt=\"\" \/><div style=\"padding-bottom:100%\"><\/div><\/div><div class=\"w-vwrapper usg_vwrapper_2 align_none valign_top\" style=\"--vwrapper-gap:0.4rem\"><h4 class=\"w-post-elm post_title usg_post_title_1 align_center entry-title color_link_inherit\">Andrea Infante<\/h4><div class=\"w-post-elm post_content usg_post_content_1\"><p>Psychologist &#038; Service Designer<\/p>\n<\/div><\/div><\/div>\t\t<\/div>\r\n\t\t\t<\/article>\r\n\t<article class=\"w-grid-item us_animate_afc size_1x1 post-417 love-team type-love-team status-publish has-post-thumbnail hentry\" data-id=\"417\" style=\"animation-delay:0.2s\">\r\n\t\t<div class=\"w-grid-item-h\">\r\n\t\t\t\t\t\t<div class=\"w-vwrapper usg_vwrapper_1 align_none valign_top\" style=\"--vwrapper-gap:0rem\"><div class=\"w-post-elm post_image usg_post_image_1 has_ratio\"><img loading=\"lazy\" decoding=\"async\" width=\"600\" height=\"600\" src=\"https:\/\/www.loveandfearstudio.com\/lovefear\/wp-content\/uploads\/2023\/08\/Jose.jpg\" class=\"attachment-large size-large wp-post-image\" alt=\"\" \/><div style=\"padding-bottom:100%\"><\/div><\/div><div class=\"w-vwrapper usg_vwrapper_2 align_none valign_top\" style=\"--vwrapper-gap:0.4rem\"><h4 class=\"w-post-elm post_title usg_post_title_1 align_center entry-title color_link_inherit\">Jose Soler<\/h4><div class=\"w-post-elm post_content usg_post_content_1\"><p>Artist &#038; Web Developer<\/p>\n<\/div><\/div><\/div>\t\t<\/div>\r\n\t\t\t<\/article>\r\n\t<article class=\"w-grid-item us_animate_afc size_1x1 post-414 love-team type-love-team status-publish has-post-thumbnail hentry\" data-id=\"414\" style=\"animation-delay:0.3s\">\r\n\t\t<div class=\"w-grid-item-h\">\r\n\t\t\t\t\t\t<div class=\"w-vwrapper usg_vwrapper_1 align_none valign_top\" style=\"--vwrapper-gap:0rem\"><div class=\"w-post-elm post_image usg_post_image_1 has_ratio\"><img loading=\"lazy\" decoding=\"async\" width=\"600\" height=\"600\" src=\"https:\/\/www.loveandfearstudio.com\/lovefear\/wp-content\/uploads\/2023\/08\/MacarenaMartinez__LoveFear_Collaborator.jpg\" class=\"attachment-large size-large wp-post-image\" alt=\"\" \/><div style=\"padding-bottom:100%\"><\/div><\/div><div class=\"w-vwrapper usg_vwrapper_2 align_none valign_top\" style=\"--vwrapper-gap:0.4rem\"><h4 class=\"w-post-elm post_title usg_post_title_1 align_center entry-title color_link_inherit\">Macarena Mart\u00ednez<\/h4><div class=\"w-post-elm post_content usg_post_content_1\"><p>Integral Designer<\/p>\n<\/div><\/div><\/div>\t\t<\/div>\r\n\t\t\t<\/article>\r\n\t<article class=\"w-grid-item us_animate_afc size_1x1 post-302 love-team type-love-team status-publish has-post-thumbnail hentry\" data-id=\"302\" style=\"animation-delay:0.4s\">\r\n\t\t<div class=\"w-grid-item-h\">\r\n\t\t\t\t\t\t<div class=\"w-vwrapper usg_vwrapper_1 align_none valign_top\" style=\"--vwrapper-gap:0rem\"><div class=\"w-post-elm post_image usg_post_image_1 has_ratio\"><img loading=\"lazy\" decoding=\"async\" width=\"500\" height=\"500\" src=\"https:\/\/www.loveandfearstudio.com\/lovefear\/wp-content\/uploads\/2023\/08\/ValentinaOsnovikoff.jpg\" class=\"attachment-large size-large wp-post-image\" alt=\"\" \/><div style=\"padding-bottom:100%\"><\/div><\/div><div class=\"w-vwrapper usg_vwrapper_2 align_none valign_top\" style=\"--vwrapper-gap:0.4rem\"><h4 class=\"w-post-elm post_title usg_post_title_1 align_center entry-title color_link_inherit\">Valentina Osnovikoff<\/h4><div class=\"w-post-elm post_content usg_post_content_1\"><p>Photographer<\/p>\n<\/div><\/div><\/div>\t\t<\/div>\r\n\t\t\t<\/article>\r\n\t<article class=\"w-grid-item us_animate_afc size_1x1 post-301 love-team type-love-team status-publish has-post-thumbnail hentry\" data-id=\"301\" style=\"animation-delay:0.5s\">\r\n\t\t<div class=\"w-grid-item-h\">\r\n\t\t\t\t\t\t<div class=\"w-vwrapper usg_vwrapper_1 align_none valign_top\" style=\"--vwrapper-gap:0rem\"><div class=\"w-post-elm post_image usg_post_image_1 has_ratio\"><img loading=\"lazy\" decoding=\"async\" width=\"600\" height=\"600\" src=\"https:\/\/www.loveandfearstudio.com\/lovefear\/wp-content\/uploads\/2023\/08\/ElisaDiaz_LoveFear_Collaborator.jpg\" class=\"attachment-large size-large wp-post-image\" alt=\"\" \/><div style=\"padding-bottom:100%\"><\/div><\/div><div class=\"w-vwrapper usg_vwrapper_2 align_none valign_top\" style=\"--vwrapper-gap:0.4rem\"><h4 class=\"w-post-elm post_title usg_post_title_1 align_center entry-title color_link_inherit\">Elisa D\u00edaz<\/h4><div class=\"w-post-elm post_content usg_post_content_1\"><p>Photographer and Filmmaker<\/p>\n<\/div><\/div><\/div>\t\t<\/div>\r\n\t\t\t<\/article>\r\n\t<article class=\"w-grid-item us_animate_afc size_1x1 post-300 love-team type-love-team status-publish has-post-thumbnail hentry\" data-id=\"300\" style=\"animation-delay:0s\">\r\n\t\t<div class=\"w-grid-item-h\">\r\n\t\t\t\t\t\t<div class=\"w-vwrapper usg_vwrapper_1 align_none valign_top\" style=\"--vwrapper-gap:0rem\"><div class=\"w-post-elm post_image usg_post_image_1 has_ratio\"><img loading=\"lazy\" decoding=\"async\" width=\"600\" height=\"600\" src=\"https:\/\/www.loveandfearstudio.com\/lovefear\/wp-content\/uploads\/2023\/08\/DiegoSanchez_LoveFear_Collaborator.jpg\" class=\"attachment-large size-large wp-post-image\" alt=\"\" \/><div style=\"padding-bottom:100%\"><\/div><\/div><div class=\"w-vwrapper usg_vwrapper_2 align_none valign_top\" style=\"--vwrapper-gap:0.4rem\"><h4 class=\"w-post-elm post_title usg_post_title_1 align_center entry-title color_link_inherit\">Diego S\u00e1nchez<\/h4><div class=\"w-post-elm post_content usg_post_content_1\"><p>Photographer &#038; Filmmaker<\/p>\n<\/div><\/div><\/div>\t\t<\/div>\r\n\t\t\t<\/article>\r\n\t<article class=\"w-grid-item us_animate_afc size_1x1 post-240 love-team type-love-team status-publish has-post-thumbnail hentry\" data-id=\"240\" style=\"animation-delay:0.1s\">\r\n\t\t<div class=\"w-grid-item-h\">\r\n\t\t\t\t\t\t<div class=\"w-vwrapper usg_vwrapper_1 align_none valign_top\" style=\"--vwrapper-gap:0rem\"><div class=\"w-post-elm post_image usg_post_image_1 has_ratio\"><img loading=\"lazy\" decoding=\"async\" width=\"600\" height=\"600\" src=\"https:\/\/www.loveandfearstudio.com\/lovefear\/wp-content\/uploads\/2023\/05\/FranAguilera_LoveFear_Collaborator.jpg\" class=\"attachment-large size-large wp-post-image\" alt=\"\" \/><div style=\"padding-bottom:100%\"><\/div><\/div><div class=\"w-vwrapper usg_vwrapper_2 align_none valign_top\" style=\"--vwrapper-gap:0.4rem\"><h4 class=\"w-post-elm post_title usg_post_title_1 align_center entry-title color_link_inherit\">Fran Aguilera<\/h4><div class=\"w-post-elm post_content usg_post_content_1\"><p>Illustrator<\/p>\n<\/div><\/div><\/div>\t\t<\/div>\r\n\t\t\t<\/article>\r\n\t<article class=\"w-grid-item us_animate_afc size_1x1 post-214 love-team type-love-team status-publish has-post-thumbnail hentry\" data-id=\"214\" style=\"animation-delay:0.2s\">\r\n\t\t<div class=\"w-grid-item-h\">\r\n\t\t\t\t\t\t<div class=\"w-vwrapper usg_vwrapper_1 align_none valign_top\" style=\"--vwrapper-gap:0rem\"><div class=\"w-post-elm post_image usg_post_image_1 has_ratio\"><img loading=\"lazy\" decoding=\"async\" width=\"600\" height=\"600\" src=\"https:\/\/www.loveandfearstudio.com\/lovefear\/wp-content\/uploads\/2023\/05\/MirellaGranucci_LoveFear_collaborator.jpg\" class=\"attachment-large size-large wp-post-image\" alt=\"\" \/><div style=\"padding-bottom:100%\"><\/div><\/div><div class=\"w-vwrapper usg_vwrapper_2 align_none valign_top\" style=\"--vwrapper-gap:0.4rem\"><h4 class=\"w-post-elm post_title usg_post_title_1 align_center entry-title color_link_inherit\">Mirella Granucci<\/h4><div class=\"w-post-elm post_content usg_post_content_1\"><p>Writer &#038; Screenwriter<\/p>\n<\/div><\/div><\/div>\t\t<\/div>\r\n\t\t\t<\/article>\r\n\t<article class=\"w-grid-item us_animate_afc size_1x1 post-213 love-team type-love-team status-publish has-post-thumbnail hentry\" data-id=\"213\" style=\"animation-delay:0.3s\">\r\n\t\t<div class=\"w-grid-item-h\">\r\n\t\t\t\t\t\t<div class=\"w-vwrapper usg_vwrapper_1 align_none valign_top\" style=\"--vwrapper-gap:0rem\"><div class=\"w-post-elm post_image usg_post_image_1 has_ratio\"><img loading=\"lazy\" decoding=\"async\" width=\"600\" height=\"600\" src=\"https:\/\/www.loveandfearstudio.com\/lovefear\/wp-content\/uploads\/2023\/05\/GuilhermeProenca_LoveFear_Collaborator-2.jpg\" class=\"attachment-large size-large wp-post-image\" alt=\"\" \/><div style=\"padding-bottom:100%\"><\/div><\/div><div class=\"w-vwrapper usg_vwrapper_2 align_none valign_top\" style=\"--vwrapper-gap:0.4rem\"><h4 class=\"w-post-elm post_title usg_post_title_1 align_center entry-title color_link_inherit\">Guilherme Proen\u00e7a<\/h4><div class=\"w-post-elm post_content usg_post_content_1\"><p>Photographer &#038; Filmmaker<\/p>\n<\/div><\/div><\/div>\t\t<\/div>\r\n\t\t\t<\/article>\r\n\t<article class=\"w-grid-item us_animate_afc size_1x1 post-212 love-team type-love-team status-publish has-post-thumbnail hentry\" data-id=\"212\" style=\"animation-delay:0.4s\">\r\n\t\t<div class=\"w-grid-item-h\">\r\n\t\t\t\t\t\t<div class=\"w-vwrapper usg_vwrapper_1 align_none valign_top\" style=\"--vwrapper-gap:0rem\"><div class=\"w-post-elm post_image usg_post_image_1 has_ratio\"><img loading=\"lazy\" decoding=\"async\" width=\"600\" height=\"600\" src=\"https:\/\/www.loveandfearstudio.com\/lovefear\/wp-content\/uploads\/2023\/05\/KarolinaVillarraga.jpg\" class=\"attachment-large size-large wp-post-image\" alt=\"\" \/><div style=\"padding-bottom:100%\"><\/div><\/div><div class=\"w-vwrapper usg_vwrapper_2 align_none valign_top\" style=\"--vwrapper-gap:0.4rem\"><h4 class=\"w-post-elm post_title usg_post_title_1 align_center entry-title color_link_inherit\">Karolina Villarraga<\/h4><div class=\"w-post-elm post_content usg_post_content_1\"><p>Animation &#038; UX\/UI Designer<\/p>\n<\/div><\/div><\/div>\t\t<\/div>\r\n\t\t\t<\/article>\r\n<\/div><div class=\"w-grid-preloader\">\t<div class=\"g-preloader type_1\">\r\n\t\t<div><\/div>\r\n\t<\/div>\r\n\t<\/div>\t<div class=\"w-grid-json hidden\" onclick='return {&quot;action&quot;:&quot;us_ajax_grid&quot;,&quot;infinite_scroll&quot;:0,&quot;max_num_pages&quot;:1,&quot;pagination&quot;:&quot;ajax&quot;,&quot;template_vars&quot;:{&quot;columns&quot;:&quot;3&quot;,&quot;exclude_items&quot;:&quot;none&quot;,&quot;img_size&quot;:&quot;default&quot;,&quot;ignore_items_size&quot;:0,&quot;items_layout&quot;:&quot;215&quot;,&quot;items_offset&quot;:&quot;1&quot;,&quot;load_animation&quot;:&quot;afc&quot;,&quot;overriding_link&quot;:&quot;{\\&quot;url\\&quot;:\\&quot;\\&quot;}&quot;,&quot;post_id&quot;:0,&quot;query_args&quot;:{&quot;post_type&quot;:[&quot;love-team&quot;],&quot;post_status&quot;:[&quot;publish&quot;,&quot;acf-disabled&quot;],&quot;posts_per_page&quot;:&quot;12&quot;},&quot;orderby_query_args&quot;:{&quot;orderby&quot;:{&quot;date&quot;:&quot;DESC&quot;}},&quot;type&quot;:&quot;grid&quot;,&quot;us_grid_post_type&quot;:&quot;love-team&quot;,&quot;us_grid_ajax_index&quot;:1,&quot;us_grid_filter_query_string&quot;:null,&quot;us_grid_index&quot;:1,&quot;page_args&quot;:[],&quot;lang&quot;:&quot;es&quot;}}'><\/div>\r\n\t<\/div><\/div><\/div><\/div><\/div><\/section>\n","protected":false},"excerpt":{"rendered":"","protected":false},"author":1,"featured_media":0,"parent":0,"menu_order":0,"comment_status":"closed","ping_status":"closed","template":"","meta":{"_seopress_robots_primary_cat":"","_seopress_titles_title":"C\u00f3mo trabajamos. Love & Fear Studio","_seopress_titles_desc":"Sacamos lo mejor de tu marca. Seamos partners y accede a una red global de colaboradores que aman las marcas humanas.","_seopress_robots_index":"","footnotes":""},"class_list":["post-494","page","type-page","status-publish","hentry"],"acf":[],"_links":{"self":[{"href":"https:\/\/www.loveandfearstudio.com\/es\/wp-json\/wp\/v2\/pages\/494","targetHints":{"allow":["GET"]}}],"collection":[{"href":"https:\/\/www.loveandfearstudio.com\/es\/wp-json\/wp\/v2\/pages"}],"about":[{"href":"https:\/\/www.loveandfearstudio.com\/es\/wp-json\/wp\/v2\/types\/page"}],"author":[{"embeddable":true,"href":"https:\/\/www.loveandfearstudio.com\/es\/wp-json\/wp\/v2\/users\/1"}],"replies":[{"embeddable":true,"href":"https:\/\/www.loveandfearstudio.com\/es\/wp-json\/wp\/v2\/comments?post=494"}],"version-history":[{"count":7,"href":"https:\/\/www.loveandfearstudio.com\/es\/wp-json\/wp\/v2\/pages\/494\/revisions"}],"predecessor-version":[{"id":579,"href":"https:\/\/www.loveandfearstudio.com\/es\/wp-json\/wp\/v2\/pages\/494\/revisions\/579"}],"wp:attachment":[{"href":"https:\/\/www.loveandfearstudio.com\/es\/wp-json\/wp\/v2\/media?parent=494"}],"curies":[{"name":"wp","href":"https:\/\/api.w.org\/{rel}","templated":true}]}}