{"id":497,"date":"2023-03-07T15:30:42","date_gmt":"2023-03-07T18:30:42","guid":{"rendered":"https:\/\/www.loveandfearstudio.com\/creemos\/"},"modified":"2023-08-28T16:47:40","modified_gmt":"2023-08-28T20:47:40","slug":"creemos","status":"publish","type":"page","link":"https:\/\/www.loveandfearstudio.com\/es\/creemos\/","title":{"rendered":"Creemos"},"content":{"rendered":"<section class=\"l-section wpb_row sticky_title height_auto type_sticky\"><div class=\"l-section-h i-cf\"><div class=\"g-cols vc_row via_grid cols_1 laptops-cols_inherit tablets-cols_inherit mobiles-cols_1 valign_top type_default stacking_default\"><div class=\"wpb_column vc_column_container\"><div class=\"vc_column-inner\"><div class=\"w-hwrapper valign_middle align_center\" style=\"--hwrapper-gap:1.20rem\"><div class=\"wpb_text_column us_custom_d54560b8 size_inherit size_h3 heading_underline\"><div class=\"wpb_wrapper\"><h1 style=\"text-align: center;\">Creemos<\/h1>\n<\/div><\/div><\/div><\/div><\/div><\/div><\/div><\/section><section class=\"l-section wpb_row height_medium\" id=\"marcas_humanas\"><div class=\"l-section-h i-cf\"><div class=\"g-cols vc_row via_grid cols_1 laptops-cols_inherit tablets-cols_inherit mobiles-cols_1 valign_top type_default stacking_default\"><div class=\"wpb_column vc_column_container\"><div class=\"vc_column-inner\"><div class=\"g-cols wpb_row via_grid cols_2 laptops-cols_inherit tablets-cols_inherit mobiles-cols_1 valign_middle type_default stacking_default\" style=\"--gap:3rem;\"><div class=\"wpb_column vc_column_container please_parallax ac1\"><div class=\"vc_column-inner\"><div class=\"w-vwrapper activate_on_scroll animate_titles align_none valign_top\" style=\"--vwrapper-gap:0rem\"><div class=\"w-image image_appear activate_on_scroll has_ratio align_none\"><div class=\"w-image-h\"><div style=\"padding-bottom:100%\"><\/div><img decoding=\"async\" width=\"1024\" height=\"1024\" src=\"https:\/\/www.loveandfearstudio.com\/lovefear\/wp-content\/uploads\/2023\/05\/LoveFear_Webelieve_HumanBrands-1-1024x1024.jpg\" class=\"attachment-large size-large\" alt=\"\" loading=\"lazy\" \/><\/div><\/div><div class=\"wpb_text_column size_h1 image_center_heading size_inherit\"><div class=\"wpb_wrapper\"><h2>Marcas humanas<\/h2>\n<\/div><\/div><\/div><\/div><\/div><div class=\"wpb_column vc_column_container please_parallax ac3\"><div class=\"vc_column-inner\"><div class=\"wpb_text_column us_custom_60e9caca em_highlight us_animate_this\"><div class=\"wpb_wrapper\"><p>Todas las personas, independiente de nuestra edad, gustos o lugares de origen, tomamos decisiones por dos razones: porque amamos algo o porque tenemos miedo.<\/p>\n<p>Cada marca est\u00e1 creada por personas y para otras personas, es por esto que entender lo que nos mueve (a.k.a. nuestras emociones) es clave para lograr el mayor objetivo de toda marca: <em><strong>conectar con otros<\/strong><\/em>.<\/p>\n<\/div><\/div><\/div><\/div><\/div><div class=\"w-separator size_large\"><\/div><div class=\"g-cols wpb_row via_grid cols_2 laptops-cols_inherit tablets-cols_inherit mobiles-cols_1 valign_middle type_default stacking_default\" style=\"--gap:3rem;\"><div class=\"wpb_column vc_column_container please_parallax ac3\"><div class=\"vc_column-inner\"><div class=\"w-separator size_medium\"><\/div><div class=\"wpb_text_column us_custom_63d46179 us_animate_this\"><div class=\"wpb_wrapper\"><p>Citando a la gran Bren\u00e9 Brown, las emociones le dan forma a nuestros pensamientos y decisiones, entender c\u00f3mo sentimos es la \u00fanica forma de comprender por qu\u00e9 pensamos y actuamos de la manera que lo hacemos. Este es el camino hacia conexiones significativas.<\/p>\n<blockquote>\n<p>En un mundo de marcas haciendo ruido, compitiendo por quien habla o grita m\u00e1s fuerte, conectar de verdad pareciera ser un arte perdido, pero no tiene que ser as\u00ed.<\/p>\n<\/blockquote>\n<p>Creemos que la creatividad se trata 100% de conectar, es por esto que queremos que la creatividad vuelva a ser humana: hecha por humanos, para humanos.<\/p>\n<\/div><\/div><\/div><\/div><div class=\"wpb_column vc_column_container please_parallax ac1\"><div class=\"vc_column-inner\"><div class=\"w-vwrapper align_none valign_top\" style=\"--vwrapper-gap:0rem\"><div class=\"w-image image_appear activate_on_scroll has_ratio align_none\"><div class=\"w-image-h\"><div style=\"padding-bottom:100%\"><\/div><img decoding=\"async\" width=\"1024\" height=\"1024\" src=\"https:\/\/www.loveandfearstudio.com\/lovefear\/wp-content\/uploads\/2023\/08\/LoveFear_We_Believe_Human_Brands-1024x1024.jpg\" class=\"attachment-large size-large\" alt=\"\" loading=\"lazy\" \/><\/div><\/div><\/div><\/div><\/div><\/div><\/div><\/div><\/div><\/div><\/section><section class=\"l-section wpb_row height_medium\" id=\"vida_real\"><div class=\"l-section-h i-cf\"><div class=\"g-cols vc_row via_grid cols_1 laptops-cols_inherit tablets-cols_inherit mobiles-cols_1 valign_top type_default stacking_default\"><div class=\"wpb_column vc_column_container\"><div class=\"vc_column-inner\"><div class=\"g-cols wpb_row via_grid cols_2 laptops-cols_inherit tablets-cols_inherit mobiles-cols_1 valign_middle type_default stacking_default\" style=\"--gap:3rem;\"><div class=\"wpb_column vc_column_container please_parallax ac1\"><div class=\"vc_column-inner\"><div class=\"w-vwrapper activate_on_scroll animate_titles align_none valign_top\" style=\"--vwrapper-gap:0rem\"><div class=\"w-image image_appear activate_on_scroll has_ratio align_none\"><div class=\"w-image-h\"><div style=\"padding-bottom:100%\"><\/div><img decoding=\"async\" width=\"1024\" height=\"1024\" src=\"https:\/\/www.loveandfearstudio.com\/lovefear\/wp-content\/uploads\/2023\/08\/LoveFear_We_Believe_In_Real_Life-1024x1024.jpg\" class=\"attachment-large size-large\" alt=\"\" loading=\"lazy\" \/><\/div><\/div><div class=\"wpb_text_column size_h1 image_center_heading size_inherit\"><div class=\"wpb_wrapper\"><h2>Ideas en<br \/>\nla vida real<\/h2>\n<\/div><\/div><\/div><\/div><\/div><div class=\"wpb_column vc_column_container please_parallax ac3\"><div class=\"vc_column-inner\"><div class=\"wpb_text_column us_custom_8b61ab3a em_highlight us_animate_this\"><div class=\"wpb_wrapper\"><blockquote>\n<p>Creemos que la vida real es un espacio de posibilidades: un espacio para la creatividad cara a cara, un espacio para lo experimental o lo raro, m\u00e1s all\u00e1 de las m\u00e9tricas, un espacio para que las personas se encuentren.<\/p>\n<\/blockquote>\n<p>El mundo no es online o offline, el mundo es solo uno, pero todo comienza en la vida real. Creemos en \u201creal first\u201d antes que \u201cdigital first\u201d.<\/p>\n<p><em><strong>Las personas son reales.<\/strong><\/em><br \/>\n<em><strong>Los sentimientos son reales.<\/strong><\/em><\/p>\n<\/div><\/div><\/div><\/div><\/div><div class=\"w-separator size_large\"><\/div><div class=\"g-cols wpb_row via_grid cols_2 laptops-cols_inherit tablets-cols_inherit mobiles-cols_1 valign_middle type_default stacking_default\" style=\"--gap:3rem;\"><div class=\"wpb_column vc_column_container please_parallax ac3\"><div class=\"vc_column-inner\"><div class=\"wpb_text_column us_custom_63d46179 us_animate_this\"><div class=\"wpb_wrapper\"><p>Es por esto que creemos que necesitamos una nueva perspectiva, porque las redes sociales no pueden ser la \u00fanica respuesta a todo, por mucho que nos encante, probablemente tal como te encantan a ti.<\/p>\n<blockquote>\n<p>Solo estamos diciendo que all\u00e1 afuera las posibilidades para ser creativos son infinitas. Te invitamos a explorarlas juntos.<\/p>\n<\/blockquote>\n<\/div><\/div><\/div><\/div><div class=\"wpb_column vc_column_container please_parallax ac1\"><div class=\"vc_column-inner\"><div class=\"w-vwrapper align_none valign_top\" style=\"--vwrapper-gap:0rem\"><div class=\"w-image image_appear activate_on_scroll has_ratio align_none\"><div class=\"w-image-h\"><div style=\"padding-bottom:100%\"><\/div><img decoding=\"async\" width=\"1024\" height=\"1024\" src=\"https:\/\/www.loveandfearstudio.com\/lovefear\/wp-content\/uploads\/2023\/08\/LoveFear_We_Believe_In_Real_Life_2-1-1024x1024.jpg\" class=\"attachment-large size-large\" alt=\"\" loading=\"lazy\" \/><\/div><\/div><\/div><\/div><\/div><\/div><\/div><\/div><\/div><\/div><\/section>\n","protected":false},"excerpt":{"rendered":"Creemos Marcas humanas Todas las personas, independiente de nuestra edad, gustos o lugares de origen, tomamos decisiones por dos razones: porque amamos algo o porque tenemos miedo. Cada marca est\u00e1 creada por personas y para otras personas, es por esto que entender lo que nos mueve (a.k.a. nuestras emociones) es clave para lograr el mayor...","protected":false},"author":1,"featured_media":0,"parent":0,"menu_order":0,"comment_status":"closed","ping_status":"closed","template":"","meta":{"_seopress_robots_primary_cat":"","_seopress_titles_title":"Creemos. Love & Fear Studio","_seopress_titles_desc":"Todas las personas tomamos decisiones por dos razones: porque amamos algo o porque tenemos miedo. Las emociones y el dise\u00f1o pueden ayudar a tu marca a conectar.","_seopress_robots_index":"","footnotes":""},"class_list":["post-497","page","type-page","status-publish","hentry"],"acf":[],"_links":{"self":[{"href":"https:\/\/www.loveandfearstudio.com\/es\/wp-json\/wp\/v2\/pages\/497","targetHints":{"allow":["GET"]}}],"collection":[{"href":"https:\/\/www.loveandfearstudio.com\/es\/wp-json\/wp\/v2\/pages"}],"about":[{"href":"https:\/\/www.loveandfearstudio.com\/es\/wp-json\/wp\/v2\/types\/page"}],"author":[{"embeddable":true,"href":"https:\/\/www.loveandfearstudio.com\/es\/wp-json\/wp\/v2\/users\/1"}],"replies":[{"embeddable":true,"href":"https:\/\/www.loveandfearstudio.com\/es\/wp-json\/wp\/v2\/comments?post=497"}],"version-history":[{"count":2,"href":"https:\/\/www.loveandfearstudio.com\/es\/wp-json\/wp\/v2\/pages\/497\/revisions"}],"predecessor-version":[{"id":499,"href":"https:\/\/www.loveandfearstudio.com\/es\/wp-json\/wp\/v2\/pages\/497\/revisions\/499"}],"wp:attachment":[{"href":"https:\/\/www.loveandfearstudio.com\/es\/wp-json\/wp\/v2\/media?parent=497"}],"curies":[{"name":"wp","href":"https:\/\/api.w.org\/{rel}","templated":true}]}}