{"id":661,"date":"2025-02-03T19:22:30","date_gmt":"2025-02-03T22:22:30","guid":{"rendered":"https:\/\/www.loveandfearstudio.com\/journal-thoughts\/"},"modified":"2025-05-06T15:41:38","modified_gmt":"2025-05-06T19:41:38","slug":"journal-thoughts","status":"publish","type":"page","link":"https:\/\/www.loveandfearstudio.com\/es\/journal-thoughts\/","title":{"rendered":"Journal &amp; Thoughts"},"content":{"rendered":"<section class=\"l-section wpb_row us_custom_ebcb53e6 sticky_title height_auto type_sticky\"><div class=\"l-section-h i-cf\"><div class=\"g-cols vc_row via_grid cols_1 laptops-cols_inherit tablets-cols_inherit mobiles-cols_1 valign_top type_default stacking_default\"><div class=\"wpb_column vc_column_container\"><div class=\"vc_column-inner\"><div class=\"w-hwrapper valign_middle align_center\" style=\"--hwrapper-gap:1.20rem\"><div class=\"wpb_text_column us_custom_d54560b8 size_inherit size_h3 heading_underline animate_titles\"><div class=\"wpb_wrapper\"><h1 style=\"text-align: center;\">Journal &amp; Thoughts<\/h1>\n<\/div><\/div><\/div><\/div><\/div><\/div><\/div><\/section><section class=\"l-section wpb_row us_custom_19737bc8 height_medium\"><div class=\"l-section-h i-cf\"><div class=\"g-cols vc_row via_grid cols_1 laptops-cols_inherit tablets-cols_inherit mobiles-cols_1 valign_top type_default stacking_default\"><div class=\"wpb_column vc_column_container\"><div class=\"vc_column-inner\"><div class=\"wpb_text_column us_custom_a3d5695e\"><div class=\"wpb_wrapper\"><h2 style=\"text-align: center;\">La creatividad es un proceso reflexivo.<br \/>\nAprende, comparte e insp\u00edrate con nuestros colaboradores y amigos.<\/h2>\n<\/div><\/div><\/div><\/div><\/div><\/div><\/section><section class=\"l-section wpb_row height_medium\"><div class=\"l-section-h i-cf\"><div class=\"g-cols vc_row via_grid cols_1 laptops-cols_inherit tablets-cols_inherit mobiles-cols_1 valign_top type_default stacking_default\"><div class=\"wpb_column vc_column_container\"><div class=\"vc_column-inner\"><div class=\"w-grid type_grid layout_547 cols_3\" id=\"us_grid_1\" style=\"--gap:0rem;\" data-filterable=\"true\"><style>@media (max-width:1024px){#us_grid_1 .w-grid-item{width:50%}}@media (max-width:600px){#us_grid_1 .w-grid-list{margin:0}#us_grid_1 .w-grid-item{width:100%;padding:0;margin-bottom:var(--gap,0px)}}.layout_547 .w-grid-item-h{}.layout_547 .usg_post_image_1{}.layout_547 .w-grid-item-h:hover .usg_post_image_1{}.layout_547 .usg_post_title_1{font-size:1.35rem!important;font-weight:700!important;text-transform:none!important;margin-bottom:.5em!important}.layout_547 .usg_hwrapper_1{color:var(--color-content-faded)!important;font-size:0.9rem!important}.layout_547 .usg_post_taxonomy_1{font-weight:700!important;text-transform:uppercase!important}.layout_547 .usg_post_content_1{font-size:.9rem!important;line-height:1.3!important;max-width:600px!important}.layout_547 .usg_vwrapper_1{padding:5%!important}<\/style><div class=\"w-grid-list\">\t<article class=\"w-grid-item size_1x1 post-1029 post type-post status-publish format-standard has-post-thumbnail hentry category-amor-es category-branding-es\" data-id=\"1029\">\r\n\t\t<div class=\"w-grid-item-h\">\r\n\t\t\t\t\t\t<div class=\"w-vwrapper usg_vwrapper_2 block_overflow_hidden\" style=\"--vwrapper-gap:0rem\"><div class=\"w-post-elm post_image usg_post_image_1 transition_button  has_ratio\"><a href=\"https:\/\/www.loveandfearstudio.com\/es\/2026\/02\/el-optimismo-como-practica-lenguaje-presencia-y-las-historias-que-elegimos-vivir\/\" aria-label=\"El optimismo como pr\u00e1ctica: lenguaje, presencia y las historias que elegimos vivir\"><img loading=\"lazy\" decoding=\"async\" width=\"1024\" height=\"683\" src=\"https:\/\/www.loveandfearstudio.com\/lovefear\/wp-content\/uploads\/2026\/02\/lala-azizli-NryZdU4MMfo-unsplash-1024x683.jpg\" class=\"attachment-large size-large wp-post-image\" alt=\"\" \/><\/a><div style=\"padding-bottom:75%\"><\/div><\/div><\/div><div class=\"w-vwrapper usg_vwrapper_1\" style=\"--vwrapper-gap:0.9rem\"><h3 class=\"w-post-elm post_title usg_post_title_1 grid_title_highlight transition_button  entry-title color_link_inherit\"><a href=\"https:\/\/www.loveandfearstudio.com\/es\/2026\/02\/el-optimismo-como-practica-lenguaje-presencia-y-las-historias-que-elegimos-vivir\/\">El optimismo como pr\u00e1ctica: lenguaje, presencia y las historias que elegimos vivir<\/a><\/h3><div class=\"w-post-elm post_content usg_post_content_1\">Recientemente, casi por casualidad, me encontr\u00e9 participando en un workshop&hellip;<\/div><div class=\"w-hwrapper usg_hwrapper_1 has_text_color align_left wrap\" style=\"--hwrapper-gap:1.20rem\"><div class=\"w-post-elm post_taxonomy usg_post_taxonomy_1 style_badge\"><div class=\"w-post-elm-list\"><a class=\"w-btn us-btn-style_2 term-41 term-amor-es\" href=\"https:\/\/www.loveandfearstudio.com\/es\/category\/amor-es\/\"><span class=\"w-btn-label\">Amor<\/span><\/a><a class=\"w-btn us-btn-style_2 term-22 term-branding-es\" href=\"https:\/\/www.loveandfearstudio.com\/es\/category\/branding-es\/\"><span class=\"w-btn-label\">Branding<\/span><\/a><\/div><\/div><\/div><\/div>\t\t<\/div>\r\n\t\t\t<\/article>\r\n\t<article class=\"w-grid-item size_1x1 post-1010 post type-post status-publish format-standard has-post-thumbnail hentry category-amor category-branding-es category-caso-estudio\" data-id=\"1010\">\r\n\t\t<div class=\"w-grid-item-h\">\r\n\t\t\t\t\t\t<div class=\"w-vwrapper usg_vwrapper_2 block_overflow_hidden\" style=\"--vwrapper-gap:0rem\"><div class=\"w-post-elm post_image usg_post_image_1 transition_button  has_ratio\"><a href=\"https:\/\/www.loveandfearstudio.com\/es\/2026\/02\/amar-hate\/\" aria-label=\"Amar &gt; Hate\"><img loading=\"lazy\" decoding=\"async\" width=\"1024\" height=\"490\" src=\"https:\/\/www.loveandfearstudio.com\/lovefear\/wp-content\/uploads\/2026\/02\/bad-bunny-Super-Bowl-1024x490.jpg\" class=\"attachment-large size-large wp-post-image\" alt=\"\" \/><\/a><div style=\"padding-bottom:75%\"><\/div><\/div><\/div><div class=\"w-vwrapper usg_vwrapper_1\" style=\"--vwrapper-gap:0.9rem\"><h3 class=\"w-post-elm post_title usg_post_title_1 grid_title_highlight transition_button  entry-title color_link_inherit\"><a href=\"https:\/\/www.loveandfearstudio.com\/es\/2026\/02\/amar-hate\/\">Amar > Hate<\/a><\/h3><div class=\"w-post-elm post_content usg_post_content_1\">Aunque suelo escribir siempre primero en ingl\u00e9s, hoy me parece&hellip;<\/div><div class=\"w-hwrapper usg_hwrapper_1 has_text_color align_left wrap\" style=\"--hwrapper-gap:1.20rem\"><div class=\"w-post-elm post_taxonomy usg_post_taxonomy_1 style_badge\"><div class=\"w-post-elm-list\"><a class=\"w-btn us-btn-style_2 term-39 term-amor\" href=\"https:\/\/www.loveandfearstudio.com\/es\/category\/amor\/\"><span class=\"w-btn-label\">Amor<\/span><\/a><a class=\"w-btn us-btn-style_2 term-22 term-branding-es\" href=\"https:\/\/www.loveandfearstudio.com\/es\/category\/branding-es\/\"><span class=\"w-btn-label\">Branding<\/span><\/a><a class=\"w-btn us-btn-style_2 term-35 term-caso-estudio\" href=\"https:\/\/www.loveandfearstudio.com\/es\/category\/caso-estudio\/\"><span class=\"w-btn-label\">Caso Estudio<\/span><\/a><\/div><\/div><\/div><\/div>\t\t<\/div>\r\n\t\t\t<\/article>\r\n\t<article class=\"w-grid-item size_1x1 post-983 post type-post status-publish format-standard has-post-thumbnail hentry category-branding-es category-miedo\" data-id=\"983\">\r\n\t\t<div class=\"w-grid-item-h\">\r\n\t\t\t\t\t\t<div class=\"w-vwrapper usg_vwrapper_2 block_overflow_hidden\" style=\"--vwrapper-gap:0rem\"><div class=\"w-post-elm post_image usg_post_image_1 transition_button  has_ratio\"><a href=\"https:\/\/www.loveandfearstudio.com\/es\/2026\/01\/la-pelicula-sigue-aunque-cerremos-los-ojos\/\" aria-label=\"La pel\u00edcula sigue, aunque cerremos los ojos.\"><img loading=\"lazy\" decoding=\"async\" width=\"1024\" height=\"683\" src=\"https:\/\/www.loveandfearstudio.com\/lovefear\/wp-content\/uploads\/2026\/01\/jeremy-yap-J39X2xX_8CQ-unsplash-1-1024x683.jpg\" class=\"attachment-large size-large wp-post-image\" alt=\"\" \/><\/a><div style=\"padding-bottom:75%\"><\/div><\/div><\/div><div class=\"w-vwrapper usg_vwrapper_1\" style=\"--vwrapper-gap:0.9rem\"><h3 class=\"w-post-elm post_title usg_post_title_1 grid_title_highlight transition_button  entry-title color_link_inherit\"><a href=\"https:\/\/www.loveandfearstudio.com\/es\/2026\/01\/la-pelicula-sigue-aunque-cerremos-los-ojos\/\">La pel\u00edcula sigue, aunque cerremos los ojos.<\/a><\/h3><div class=\"w-post-elm post_content usg_post_content_1\">Soy de una generaci\u00f3n que creci\u00f3 viendo cine de terror&hellip;<\/div><div class=\"w-hwrapper usg_hwrapper_1 has_text_color align_left wrap\" style=\"--hwrapper-gap:1.20rem\"><div class=\"w-post-elm post_taxonomy usg_post_taxonomy_1 style_badge\"><div class=\"w-post-elm-list\"><a class=\"w-btn us-btn-style_2 term-22 term-branding-es\" href=\"https:\/\/www.loveandfearstudio.com\/es\/category\/branding-es\/\"><span class=\"w-btn-label\">Branding<\/span><\/a><a class=\"w-btn us-btn-style_2 term-37 term-miedo\" href=\"https:\/\/www.loveandfearstudio.com\/es\/category\/miedo\/\"><span class=\"w-btn-label\">Miedo<\/span><\/a><\/div><\/div><\/div><\/div>\t\t<\/div>\r\n\t\t\t<\/article>\r\n\t<article class=\"w-grid-item size_1x1 post-957 post type-post status-publish format-standard has-post-thumbnail hentry category-branding-es\" data-id=\"957\">\r\n\t\t<div class=\"w-grid-item-h\">\r\n\t\t\t\t\t\t<div class=\"w-vwrapper usg_vwrapper_2 block_overflow_hidden\" style=\"--vwrapper-gap:0rem\"><div class=\"w-post-elm post_image usg_post_image_1 transition_button  has_ratio\"><a href=\"https:\/\/www.loveandfearstudio.com\/es\/2025\/12\/ser-humano-es-lo-que-quiero-ser\/\" aria-label=\"Ser Humano Es Lo Que Quiero Ser\"><img loading=\"lazy\" decoding=\"async\" width=\"684\" height=\"1024\" src=\"https:\/\/www.loveandfearstudio.com\/lovefear\/wp-content\/uploads\/2025\/12\/ilona-panych-A-65ekxOmzM-unsplash-684x1024.jpg\" class=\"attachment-large size-large wp-post-image\" alt=\"\" \/><\/a><div style=\"padding-bottom:75%\"><\/div><\/div><\/div><div class=\"w-vwrapper usg_vwrapper_1\" style=\"--vwrapper-gap:0.9rem\"><h3 class=\"w-post-elm post_title usg_post_title_1 grid_title_highlight transition_button  entry-title color_link_inherit\"><a href=\"https:\/\/www.loveandfearstudio.com\/es\/2025\/12\/ser-humano-es-lo-que-quiero-ser\/\">Ser Humano Es Lo Que Quiero Ser<\/a><\/h3><div class=\"w-post-elm post_content usg_post_content_1\">Probablemente el t\u00edtulo de esta columna nos remita a un&hellip;<\/div><div class=\"w-hwrapper usg_hwrapper_1 has_text_color align_left wrap\" style=\"--hwrapper-gap:1.20rem\"><div class=\"w-post-elm post_taxonomy usg_post_taxonomy_1 style_badge\"><a class=\"w-btn us-btn-style_2 term-22 term-branding-es\" href=\"https:\/\/www.loveandfearstudio.com\/es\/category\/branding-es\/\"><span class=\"w-btn-label\">Branding<\/span><\/a><\/div><\/div><\/div>\t\t<\/div>\r\n\t\t\t<\/article>\r\n\t<article class=\"w-grid-item size_1x1 post-948 post type-post status-publish format-standard has-post-thumbnail hentry category-branding-es category-caso-estudio category-entrevista\" data-id=\"948\">\r\n\t\t<div class=\"w-grid-item-h\">\r\n\t\t\t\t\t\t<div class=\"w-vwrapper usg_vwrapper_2 block_overflow_hidden\" style=\"--vwrapper-gap:0rem\"><div class=\"w-post-elm post_image usg_post_image_1 transition_button  has_ratio\"><a href=\"https:\/\/www.loveandfearstudio.com\/es\/2025\/11\/recognizing-the-essential-the-new-flavor-of-fresca-rebeca\/\" aria-label=\"Reconocer lo esencial: el nuevo sabor de Fresca Rebeca\"><img loading=\"lazy\" decoding=\"async\" width=\"1024\" height=\"683\" src=\"https:\/\/www.loveandfearstudio.com\/lovefear\/wp-content\/uploads\/2025\/11\/equipo-fresca-rebeca-1024x683-1.jpg\" class=\"attachment-large size-large wp-post-image\" alt=\"\" \/><\/a><div style=\"padding-bottom:75%\"><\/div><\/div><\/div><div class=\"w-vwrapper usg_vwrapper_1\" style=\"--vwrapper-gap:0.9rem\"><h3 class=\"w-post-elm post_title usg_post_title_1 grid_title_highlight transition_button  entry-title color_link_inherit\"><a href=\"https:\/\/www.loveandfearstudio.com\/es\/2025\/11\/recognizing-the-essential-the-new-flavor-of-fresca-rebeca\/\">Reconocer lo esencial: el nuevo sabor de Fresca Rebeca<\/a><\/h3><div class=\"w-post-elm post_content usg_post_content_1\">Cuando el dise\u00f1o humano se encuentra con una marca aut\u00e9ntica,&hellip;<\/div><div class=\"w-hwrapper usg_hwrapper_1 has_text_color align_left wrap\" style=\"--hwrapper-gap:1.20rem\"><div class=\"w-post-elm post_taxonomy usg_post_taxonomy_1 style_badge\"><div class=\"w-post-elm-list\"><a class=\"w-btn us-btn-style_2 term-22 term-branding-es\" href=\"https:\/\/www.loveandfearstudio.com\/es\/category\/branding-es\/\"><span class=\"w-btn-label\">Branding<\/span><\/a><a class=\"w-btn us-btn-style_2 term-35 term-caso-estudio\" href=\"https:\/\/www.loveandfearstudio.com\/es\/category\/caso-estudio\/\"><span class=\"w-btn-label\">Caso Estudio<\/span><\/a><a class=\"w-btn us-btn-style_2 term-34 term-entrevista\" href=\"https:\/\/www.loveandfearstudio.com\/es\/category\/entrevista\/\"><span class=\"w-btn-label\">Entrevista<\/span><\/a><\/div><\/div><\/div><\/div>\t\t<\/div>\r\n\t\t\t<\/article>\r\n\t<article class=\"w-grid-item size_1x1 post-922 post type-post status-publish format-standard has-post-thumbnail hentry category-sin-categorizar\" data-id=\"922\">\r\n\t\t<div class=\"w-grid-item-h\">\r\n\t\t\t\t\t\t<div class=\"w-vwrapper usg_vwrapper_2 block_overflow_hidden\" style=\"--vwrapper-gap:0rem\"><div class=\"w-post-elm post_image usg_post_image_1 transition_button  has_ratio\"><a href=\"https:\/\/www.loveandfearstudio.com\/es\/2025\/11\/lo-que-tech-week-mexico-2025-nos-enseno-sobre-construir-marcas-humanas-en-tech\/\" aria-label=\"Lo que Tech Week M\u00e9xico 2025 nos ense\u00f1\u00f3 sobre construir marcas humanas en tech\"><img loading=\"lazy\" decoding=\"async\" width=\"1024\" height=\"683\" src=\"https:\/\/www.loveandfearstudio.com\/lovefear\/wp-content\/uploads\/2025\/11\/W-39-1024x683.jpg\" class=\"attachment-large size-large wp-post-image\" alt=\"\" \/><\/a><div style=\"padding-bottom:75%\"><\/div><\/div><\/div><div class=\"w-vwrapper usg_vwrapper_1\" style=\"--vwrapper-gap:0.9rem\"><h3 class=\"w-post-elm post_title usg_post_title_1 grid_title_highlight transition_button  entry-title color_link_inherit\"><a href=\"https:\/\/www.loveandfearstudio.com\/es\/2025\/11\/lo-que-tech-week-mexico-2025-nos-enseno-sobre-construir-marcas-humanas-en-tech\/\">Lo que Tech Week M\u00e9xico 2025 nos ense\u00f1\u00f3 sobre construir marcas humanas en tech<\/a><\/h3><div class=\"w-post-elm post_content usg_post_content_1\">Cuando el ecosistema tech m\u00e1s colaborativo de Latinoam\u00e9rica se encuentra&hellip;<\/div><div class=\"w-hwrapper usg_hwrapper_1 has_text_color align_left wrap\" style=\"--hwrapper-gap:1.20rem\"><div class=\"w-post-elm post_taxonomy usg_post_taxonomy_1 style_badge\"><a class=\"w-btn us-btn-style_2 term-3 term-sin-categorizar\" href=\"https:\/\/www.loveandfearstudio.com\/es\/category\/sin-categorizar\/\"><span class=\"w-btn-label\">Sin categorizar<\/span><\/a><\/div><\/div><\/div>\t\t<\/div>\r\n\t\t\t<\/article>\r\n\t<article class=\"w-grid-item size_1x1 post-920 post type-post status-publish format-standard has-post-thumbnail hentry category-team-es tag-culture-es tag-team-es\" data-id=\"920\">\r\n\t\t<div class=\"w-grid-item-h\">\r\n\t\t\t\t\t\t<div class=\"w-vwrapper usg_vwrapper_2 block_overflow_hidden\" style=\"--vwrapper-gap:0rem\"><div class=\"w-post-elm post_image usg_post_image_1 transition_button  has_ratio\"><a href=\"https:\/\/www.loveandfearstudio.com\/es\/2025\/09\/una-carta-sobre-el-amor-la-creatividad-y-la-humanidad\/\" aria-label=\"Una Carta sobre el Amor, la Creatividad y la Humanidad\"><img loading=\"lazy\" decoding=\"async\" width=\"1024\" height=\"678\" src=\"https:\/\/www.loveandfearstudio.com\/lovefear\/wp-content\/uploads\/2025\/09\/vlad-hilitanu-POecJARFtAc-unsplash-1024x678.jpg\" class=\"attachment-large size-large wp-post-image\" alt=\"\" \/><\/a><div style=\"padding-bottom:75%\"><\/div><\/div><\/div><div class=\"w-vwrapper usg_vwrapper_1\" style=\"--vwrapper-gap:0.9rem\"><h3 class=\"w-post-elm post_title usg_post_title_1 grid_title_highlight transition_button  entry-title color_link_inherit\"><a href=\"https:\/\/www.loveandfearstudio.com\/es\/2025\/09\/una-carta-sobre-el-amor-la-creatividad-y-la-humanidad\/\">Una Carta sobre el Amor, la Creatividad y la Humanidad<\/a><\/h3><div class=\"w-post-elm post_content usg_post_content_1\">Creo en los rituales y en el poder de las&hellip;<\/div><div class=\"w-hwrapper usg_hwrapper_1 has_text_color align_left wrap\" style=\"--hwrapper-gap:1.20rem\"><div class=\"w-post-elm post_taxonomy usg_post_taxonomy_1 style_badge\"><a class=\"w-btn us-btn-style_2 term-28 term-team-es\" href=\"https:\/\/www.loveandfearstudio.com\/es\/category\/team-es\/\"><span class=\"w-btn-label\">Team<\/span><\/a><\/div><\/div><\/div>\t\t<\/div>\r\n\t\t\t<\/article>\r\n\t<article class=\"w-grid-item size_1x1 post-892 post type-post status-publish format-standard has-post-thumbnail hentry category-branding-es category-eventos\" data-id=\"892\">\r\n\t\t<div class=\"w-grid-item-h\">\r\n\t\t\t\t\t\t<div class=\"w-vwrapper usg_vwrapper_2 block_overflow_hidden\" style=\"--vwrapper-gap:0rem\"><div class=\"w-post-elm post_image usg_post_image_1 transition_button  has_ratio\"><a href=\"https:\/\/www.loveandfearstudio.com\/es\/2025\/07\/reimagined-brands-2025-cambiando-el-paradigma-de-la-construccion-de-marcas\/\" aria-label=\"ReImagined Brands 2025: Cambiando el Paradigma de la Construcci\u00f3n de Marcas\"><img loading=\"lazy\" decoding=\"async\" width=\"1024\" height=\"683\" src=\"https:\/\/www.loveandfearstudio.com\/lovefear\/wp-content\/uploads\/2025\/07\/ivona-curcija-FmF9CoADRjk-unsplash-1024x683.jpg\" class=\"attachment-large size-large wp-post-image\" alt=\"Woman\" \/><\/a><div style=\"padding-bottom:75%\"><\/div><\/div><\/div><div class=\"w-vwrapper usg_vwrapper_1\" style=\"--vwrapper-gap:0.9rem\"><h3 class=\"w-post-elm post_title usg_post_title_1 grid_title_highlight transition_button  entry-title color_link_inherit\"><a href=\"https:\/\/www.loveandfearstudio.com\/es\/2025\/07\/reimagined-brands-2025-cambiando-el-paradigma-de-la-construccion-de-marcas\/\">ReImagined Brands 2025: Cambiando el Paradigma de la Construcci\u00f3n de Marcas<\/a><\/h3><div class=\"w-post-elm post_content usg_post_content_1\">Cada viaje y cada conversaci\u00f3n me dejan siempre con algo:&hellip;<\/div><div class=\"w-hwrapper usg_hwrapper_1 has_text_color align_left wrap\" style=\"--hwrapper-gap:1.20rem\"><div class=\"w-post-elm post_taxonomy usg_post_taxonomy_1 style_badge\"><div class=\"w-post-elm-list\"><a class=\"w-btn us-btn-style_2 term-22 term-branding-es\" href=\"https:\/\/www.loveandfearstudio.com\/es\/category\/branding-es\/\"><span class=\"w-btn-label\">Branding<\/span><\/a><a class=\"w-btn us-btn-style_2 term-21 term-eventos\" href=\"https:\/\/www.loveandfearstudio.com\/es\/category\/eventos\/\"><span class=\"w-btn-label\">Eventos<\/span><\/a><\/div><\/div><\/div><\/div>\t\t<\/div>\r\n\t\t\t<\/article>\r\n\t<article class=\"w-grid-item size_1x1 post-873 post type-post status-publish format-standard has-post-thumbnail hentry category-branding-es category-travel-es\" data-id=\"873\">\r\n\t\t<div class=\"w-grid-item-h\">\r\n\t\t\t\t\t\t<div class=\"w-vwrapper usg_vwrapper_2 block_overflow_hidden\" style=\"--vwrapper-gap:0rem\"><div class=\"w-post-elm post_image usg_post_image_1 transition_button  has_ratio\"><a href=\"https:\/\/www.loveandfearstudio.com\/es\/2025\/06\/brand-trip-2025\/\" aria-label=\"Brand Trip 2025\"><img loading=\"lazy\" decoding=\"async\" width=\"768\" height=\"1024\" src=\"https:\/\/www.loveandfearstudio.com\/lovefear\/wp-content\/uploads\/2025\/06\/IMG_7942-768x1024.jpg\" class=\"attachment-large size-large wp-post-image\" alt=\"\" \/><\/a><div style=\"padding-bottom:75%\"><\/div><\/div><\/div><div class=\"w-vwrapper usg_vwrapper_1\" style=\"--vwrapper-gap:0.9rem\"><h3 class=\"w-post-elm post_title usg_post_title_1 grid_title_highlight transition_button  entry-title color_link_inherit\"><a href=\"https:\/\/www.loveandfearstudio.com\/es\/2025\/06\/brand-trip-2025\/\">Brand Trip 2025<\/a><\/h3><div class=\"w-post-elm post_content usg_post_content_1\">Muchas veces me preguntan d\u00f3nde estamos basados con Love&amp;Fear y&hellip;<\/div><div class=\"w-hwrapper usg_hwrapper_1 has_text_color align_left wrap\" style=\"--hwrapper-gap:1.20rem\"><div class=\"w-post-elm post_taxonomy usg_post_taxonomy_1 style_badge\"><div class=\"w-post-elm-list\"><a class=\"w-btn us-btn-style_2 term-22 term-branding-es\" href=\"https:\/\/www.loveandfearstudio.com\/es\/category\/branding-es\/\"><span class=\"w-btn-label\">Branding<\/span><\/a><a class=\"w-btn us-btn-style_2 term-24 term-travel-es\" href=\"https:\/\/www.loveandfearstudio.com\/es\/category\/travel-es\/\"><span class=\"w-btn-label\">Travel<\/span><\/a><\/div><\/div><\/div><\/div>\t\t<\/div>\r\n\t\t\t<\/article>\r\n\t<article class=\"w-grid-item size_1x1 post-734 post type-post status-publish format-standard has-post-thumbnail hentry category-diseno-futuro category-eventos\" data-id=\"734\">\r\n\t\t<div class=\"w-grid-item-h\">\r\n\t\t\t\t\t\t<div class=\"w-vwrapper usg_vwrapper_2 block_overflow_hidden\" style=\"--vwrapper-gap:0rem\"><div class=\"w-post-elm post_image usg_post_image_1 transition_button  has_ratio\"><a href=\"https:\/\/www.loveandfearstudio.com\/es\/2025\/05\/un-paso-adelante-disenando-el-futuro\/\" aria-label=\"Un Paso Adelante: Dise\u00f1ando el Futuro\"><img loading=\"lazy\" decoding=\"async\" width=\"768\" height=\"1024\" src=\"https:\/\/www.loveandfearstudio.com\/lovefear\/wp-content\/uploads\/2025\/05\/IMG_7447-768x1024.jpg\" class=\"attachment-large size-large wp-post-image\" alt=\"\" \/><\/a><div style=\"padding-bottom:75%\"><\/div><\/div><\/div><div class=\"w-vwrapper usg_vwrapper_1\" style=\"--vwrapper-gap:0.9rem\"><h3 class=\"w-post-elm post_title usg_post_title_1 grid_title_highlight transition_button  entry-title color_link_inherit\"><a href=\"https:\/\/www.loveandfearstudio.com\/es\/2025\/05\/un-paso-adelante-disenando-el-futuro\/\">Un Paso Adelante: Dise\u00f1ando el Futuro<\/a><\/h3><div class=\"w-post-elm post_content usg_post_content_1\">Mientras escribo estas palabras, vuelvo a reconectar con el lugar&hellip;<\/div><div class=\"w-hwrapper usg_hwrapper_1 has_text_color align_left wrap\" style=\"--hwrapper-gap:1.20rem\"><div class=\"w-post-elm post_taxonomy usg_post_taxonomy_1 style_badge\"><div class=\"w-post-elm-list\"><a class=\"w-btn us-btn-style_2 term-20 term-diseno-futuro\" href=\"https:\/\/www.loveandfearstudio.com\/es\/category\/diseno-futuro\/\"><span class=\"w-btn-label\">Dise\u00f1o Futuro<\/span><\/a><a class=\"w-btn us-btn-style_2 term-21 term-eventos\" href=\"https:\/\/www.loveandfearstudio.com\/es\/category\/eventos\/\"><span class=\"w-btn-label\">Eventos<\/span><\/a><\/div><\/div><\/div><\/div>\t\t<\/div>\r\n\t\t\t<\/article>\r\n<\/div><div class=\"w-grid-preloader\">\t<div class=\"g-preloader type_1\">\r\n\t\t<div><\/div>\r\n\t<\/div>\r\n\t<\/div>\t<div class=\"w-grid-json hidden\" onclick='return {&quot;action&quot;:&quot;us_ajax_grid&quot;,&quot;infinite_scroll&quot;:0,&quot;max_num_pages&quot;:2,&quot;pagination&quot;:&quot;none&quot;,&quot;template_vars&quot;:{&quot;columns&quot;:&quot;3&quot;,&quot;exclude_items&quot;:&quot;none&quot;,&quot;img_size&quot;:&quot;default&quot;,&quot;ignore_items_size&quot;:0,&quot;items_layout&quot;:&quot;547&quot;,&quot;items_offset&quot;:&quot;1&quot;,&quot;load_animation&quot;:&quot;none&quot;,&quot;overriding_link&quot;:&quot;{\\&quot;url\\&quot;:\\&quot;\\&quot;}&quot;,&quot;post_id&quot;:0,&quot;query_args&quot;:{&quot;post_type&quot;:[&quot;post&quot;],&quot;post_status&quot;:[&quot;publish&quot;,&quot;acf-disabled&quot;],&quot;posts_per_page&quot;:&quot;10&quot;},&quot;orderby_query_args&quot;:{&quot;orderby&quot;:{&quot;date&quot;:&quot;DESC&quot;}},&quot;type&quot;:&quot;grid&quot;,&quot;us_grid_post_type&quot;:&quot;post&quot;,&quot;us_grid_ajax_index&quot;:1,&quot;us_grid_filter_query_string&quot;:null,&quot;us_grid_index&quot;:1,&quot;page_args&quot;:[],&quot;lang&quot;:&quot;es&quot;}}'><\/div>\r\n\t<\/div><\/div><\/div><\/div><\/div><\/section>\n","protected":false},"excerpt":{"rendered":"Mientras escribo estas palabras, vuelvo a reconectar con el lugar donde estuve la semana pasada. Hace 7 d\u00edas, en una nublada ma\u00f1ana de viernes en Lisboa, me encontraba con 200 personas finalizando una activaci\u00f3n inmersiva guiada por Monika Jiang en Estufa Fria, una de las actividades de Future Days, un festival para futuristas, dise\u00f1adores, investigadores,...","protected":false},"author":1,"featured_media":0,"parent":0,"menu_order":0,"comment_status":"closed","ping_status":"closed","template":"","meta":{"_seopress_robots_primary_cat":"","_seopress_titles_title":"","_seopress_titles_desc":"","_seopress_robots_index":"","footnotes":""},"class_list":["post-661","page","type-page","status-publish","hentry"],"acf":[],"_links":{"self":[{"href":"https:\/\/www.loveandfearstudio.com\/es\/wp-json\/wp\/v2\/pages\/661","targetHints":{"allow":["GET"]}}],"collection":[{"href":"https:\/\/www.loveandfearstudio.com\/es\/wp-json\/wp\/v2\/pages"}],"about":[{"href":"https:\/\/www.loveandfearstudio.com\/es\/wp-json\/wp\/v2\/types\/page"}],"author":[{"embeddable":true,"href":"https:\/\/www.loveandfearstudio.com\/es\/wp-json\/wp\/v2\/users\/1"}],"replies":[{"embeddable":true,"href":"https:\/\/www.loveandfearstudio.com\/es\/wp-json\/wp\/v2\/comments?post=661"}],"version-history":[{"count":4,"href":"https:\/\/www.loveandfearstudio.com\/es\/wp-json\/wp\/v2\/pages\/661\/revisions"}],"predecessor-version":[{"id":709,"href":"https:\/\/www.loveandfearstudio.com\/es\/wp-json\/wp\/v2\/pages\/661\/revisions\/709"}],"wp:attachment":[{"href":"https:\/\/www.loveandfearstudio.com\/es\/wp-json\/wp\/v2\/media?parent=661"}],"curies":[{"name":"wp","href":"https:\/\/api.w.org\/{rel}","templated":true}]}}