{"id":682,"date":"2025-03-13T12:03:10","date_gmt":"2025-03-13T15:03:10","guid":{"rendered":"https:\/\/www.loveandfearstudio.com\/our-work\/"},"modified":"2025-03-31T16:25:07","modified_gmt":"2025-03-31T19:25:07","slug":"our-work","status":"publish","type":"page","link":"https:\/\/www.loveandfearstudio.com\/es\/our-work\/","title":{"rendered":"Our work"},"content":{"rendered":"<section class=\"l-section wpb_row sticky_title height_auto type_sticky\"><div class=\"l-section-h i-cf\"><div class=\"g-cols vc_row via_grid cols_1 laptops-cols_inherit tablets-cols_inherit mobiles-cols_1 valign_top type_default stacking_default\"><div class=\"wpb_column vc_column_container\"><div class=\"vc_column-inner\"><div class=\"w-hwrapper valign_middle align_center\" style=\"--hwrapper-gap:1.20rem\"><div class=\"wpb_text_column us_custom_d54560b8 size_inherit size_h3 heading_underline animate_titles\"><div class=\"wpb_wrapper\"><h1 style=\"text-align: center;\">Our Work<\/h1>\n<\/div><\/div><\/div><\/div><\/div><\/div><\/div><\/section><section class=\"l-section wpb_row us_custom_19737bc8 height_medium\"><div class=\"l-section-h i-cf\"><div class=\"g-cols vc_row via_grid cols_1 laptops-cols_inherit tablets-cols_inherit mobiles-cols_1 valign_top type_default stacking_default\"><div class=\"wpb_column vc_column_container\"><div class=\"vc_column-inner\"><div class=\"wpb_text_column us_custom_a3d5695e\"><div class=\"wpb_wrapper\"><h2 style=\"text-align: center;\">Al igual que cada persona, cada marca es un universo propio.<\/h2>\n<\/div><\/div><\/div><\/div><\/div><\/div><\/section><section class=\"l-section wpb_row height_medium\"><div class=\"l-section-h i-cf\"><div class=\"g-cols vc_row via_grid cols_1 laptops-cols_inherit tablets-cols_inherit mobiles-cols_1 valign_top type_default stacking_default\"><div class=\"wpb_column vc_column_container\"><div class=\"vc_column-inner\"><div class=\"w-grid type_grid layout_547 cols_3 pagination_infinite\" id=\"us_grid_1\" style=\"--gap:0rem;\" data-filterable=\"true\"><style>@media (max-width:1024px){#us_grid_1 .w-grid-item{width:50%}}@media (max-width:600px){#us_grid_1 .w-grid-list{margin:0}#us_grid_1 .w-grid-item{width:100%;padding:0;margin-bottom:var(--gap,0px)}}.layout_547 .w-grid-item-h{}.layout_547 .usg_post_image_1{}.layout_547 .w-grid-item-h:hover .usg_post_image_1{}.layout_547 .usg_post_title_1{font-size:1.35rem!important;font-weight:700!important;text-transform:none!important;margin-bottom:.5em!important}.layout_547 .usg_hwrapper_1{color:var(--color-content-faded)!important;font-size:0.9rem!important}.layout_547 .usg_post_taxonomy_1{font-weight:700!important;text-transform:uppercase!important}.layout_547 .usg_post_content_1{font-size:.9rem!important;line-height:1.3!important;max-width:600px!important}.layout_547 .usg_vwrapper_1{padding:5%!important}<\/style><div class=\"w-grid-list\">\t<article class=\"w-grid-item size_1x1 post-806 us_portfolio type-us_portfolio status-publish has-post-thumbnail hentry\" data-id=\"806\">\r\n\t\t<div class=\"w-grid-item-h\">\r\n\t\t\t\t\t\t<div class=\"w-vwrapper usg_vwrapper_2 block_overflow_hidden\" style=\"--vwrapper-gap:0rem\"><div class=\"w-post-elm post_image usg_post_image_1 transition_button  has_ratio\"><a href=\"https:\/\/www.loveandfearstudio.com\/es\/work\/fresca-rebeca-identidad-de-marca-y-estrategia-de-posicionamiento\/\" aria-label=\"Fresca Rebeca Identidad de Marca y Estrategia de Posicionamiento\"><img loading=\"lazy\" decoding=\"async\" width=\"684\" height=\"1024\" src=\"https:\/\/www.loveandfearstudio.com\/lovefear\/wp-content\/uploads\/2025\/06\/FrescaRebecaVisual3-684x1024.png\" class=\"attachment-large size-large wp-post-image\" alt=\"\" \/><\/a><div style=\"padding-bottom:75%\"><\/div><\/div><\/div><div class=\"w-vwrapper usg_vwrapper_1\" style=\"--vwrapper-gap:0.9rem\"><h3 class=\"w-post-elm post_title usg_post_title_1 grid_title_highlight transition_button  entry-title color_link_inherit\"><a href=\"https:\/\/www.loveandfearstudio.com\/es\/work\/fresca-rebeca-identidad-de-marca-y-estrategia-de-posicionamiento\/\">Fresca Rebeca Identidad de Marca y Estrategia de Posicionamiento<\/a><\/h3><div class=\"w-post-elm post_content usg_post_content_1\">Fresca Rebeca es una marca chilena de leche fresca con&hellip;<\/div><div class=\"w-hwrapper usg_hwrapper_1 has_text_color align_left wrap\" style=\"--hwrapper-gap:1.20rem\"><\/div><\/div>\t\t<\/div>\r\n\t\t\t<\/article>\r\n\t<article class=\"w-grid-item size_1x1 post-833 us_portfolio type-us_portfolio status-publish has-post-thumbnail hentry\" data-id=\"833\">\r\n\t\t<div class=\"w-grid-item-h\">\r\n\t\t\t\t\t\t<div class=\"w-vwrapper usg_vwrapper_2 block_overflow_hidden\" style=\"--vwrapper-gap:0rem\"><div class=\"w-post-elm post_image usg_post_image_1 transition_button  has_ratio\"><a href=\"https:\/\/www.loveandfearstudio.com\/es\/work\/skinology-universo-de-marca-creacion-de-contenido\/\" aria-label=\"Skinology Universo de Marca &amp; Creaci\u00f3n de Contenido\"><img loading=\"lazy\" decoding=\"async\" width=\"683\" height=\"1024\" src=\"https:\/\/www.loveandfearstudio.com\/lovefear\/wp-content\/uploads\/2025\/06\/SKINOLOGY_BrandPhoto2-1-683x1024.jpg\" class=\"attachment-large size-large wp-post-image\" alt=\"\" \/><\/a><div style=\"padding-bottom:75%\"><\/div><\/div><\/div><div class=\"w-vwrapper usg_vwrapper_1\" style=\"--vwrapper-gap:0.9rem\"><h3 class=\"w-post-elm post_title usg_post_title_1 grid_title_highlight transition_button  entry-title color_link_inherit\"><a href=\"https:\/\/www.loveandfearstudio.com\/es\/work\/skinology-universo-de-marca-creacion-de-contenido\/\">Skinology Universo de Marca &amp; Creaci\u00f3n de Contenido<\/a><\/h3><div class=\"w-post-elm post_content usg_post_content_1\">Skinology es una startup chilena que est\u00e1 revolucionando el mercado&hellip;<\/div><div class=\"w-hwrapper usg_hwrapper_1 has_text_color align_left wrap\" style=\"--hwrapper-gap:1.20rem\"><\/div><\/div>\t\t<\/div>\r\n\t\t\t<\/article>\r\n\t<article class=\"w-grid-item size_1x1 post-675 us_portfolio type-us_portfolio status-publish has-post-thumbnail hentry\" data-id=\"675\">\r\n\t\t<div class=\"w-grid-item-h\">\r\n\t\t\t\t\t\t<div class=\"w-vwrapper usg_vwrapper_2 block_overflow_hidden\" style=\"--vwrapper-gap:0rem\"><div class=\"w-post-elm post_image usg_post_image_1 transition_button  has_ratio\"><a href=\"https:\/\/www.loveandfearstudio.com\/es\/work\/nattal-estrategia-de-marca-identidad-emocional\/\" aria-label=\"Nattal Estrategia de Marca &amp; Identidad Emocional\"><img loading=\"lazy\" decoding=\"async\" width=\"1024\" height=\"768\" src=\"https:\/\/www.loveandfearstudio.com\/lovefear\/wp-content\/uploads\/2025\/02\/Nattal-Brand-1-1024x768.jpg\" class=\"attachment-large size-large wp-post-image\" alt=\"Nattal Brand Image\" \/><\/a><div style=\"padding-bottom:75%\"><\/div><\/div><\/div><div class=\"w-vwrapper usg_vwrapper_1\" style=\"--vwrapper-gap:0.9rem\"><h3 class=\"w-post-elm post_title usg_post_title_1 grid_title_highlight transition_button  entry-title color_link_inherit\"><a href=\"https:\/\/www.loveandfearstudio.com\/es\/work\/nattal-estrategia-de-marca-identidad-emocional\/\">Nattal Estrategia de Marca &amp; Identidad Emocional<\/a><\/h3><div class=\"w-post-elm post_content usg_post_content_1\">Nattal es una nueva marca mexicana en el mercado de&hellip;<\/div><div class=\"w-hwrapper usg_hwrapper_1 has_text_color align_left wrap\" style=\"--hwrapper-gap:1.20rem\"><\/div><\/div>\t\t<\/div>\r\n\t\t\t<\/article>\r\n\t<article class=\"w-grid-item size_1x1 post-676 us_portfolio type-us_portfolio status-publish has-post-thumbnail hentry us_portfolio_tag-branding-es us_portfolio_tag-estrategia-de-marca us_portfolio_tag-produccion-visual-de-marca\" data-id=\"676\">\r\n\t\t<div class=\"w-grid-item-h\">\r\n\t\t\t\t\t\t<div class=\"w-vwrapper usg_vwrapper_2 block_overflow_hidden\" style=\"--vwrapper-gap:0rem\"><div class=\"w-post-elm post_image usg_post_image_1 transition_button  has_ratio\"><a href=\"https:\/\/www.loveandfearstudio.com\/es\/work\/meze-audio-campana-de-marca\/\" aria-label=\"Meze Audio Campa\u00f1a de Marca\"><img loading=\"lazy\" decoding=\"async\" width=\"1024\" height=\"683\" src=\"https:\/\/www.loveandfearstudio.com\/lovefear\/wp-content\/uploads\/2025\/02\/MEZE_home1-1024x683.jpg\" class=\"attachment-large size-large wp-post-image\" alt=\"Meze Audio Brand Image\" \/><\/a><div style=\"padding-bottom:75%\"><\/div><\/div><\/div><div class=\"w-vwrapper usg_vwrapper_1\" style=\"--vwrapper-gap:0.9rem\"><h3 class=\"w-post-elm post_title usg_post_title_1 grid_title_highlight transition_button  entry-title color_link_inherit\"><a href=\"https:\/\/www.loveandfearstudio.com\/es\/work\/meze-audio-campana-de-marca\/\">Meze Audio Campa\u00f1a de Marca<\/a><\/h3><div class=\"w-post-elm post_content usg_post_content_1\">Este proyecto es el resultado de un a\u00f1o colaboraci\u00f3n con&hellip;<\/div><div class=\"w-hwrapper usg_hwrapper_1 has_text_color align_left wrap\" style=\"--hwrapper-gap:1.20rem\"><\/div><\/div>\t\t<\/div>\r\n\t\t\t<\/article>\r\n<\/div><div class=\"w-grid-preloader\">\t<div class=\"g-preloader type_1\">\r\n\t\t<div><\/div>\r\n\t<\/div>\r\n\t<\/div>\t<div class=\"w-grid-json hidden\" onclick='return {&quot;action&quot;:&quot;us_ajax_grid&quot;,&quot;infinite_scroll&quot;:0,&quot;max_num_pages&quot;:1,&quot;pagination&quot;:&quot;infinite&quot;,&quot;template_vars&quot;:{&quot;columns&quot;:&quot;3&quot;,&quot;exclude_items&quot;:&quot;none&quot;,&quot;img_size&quot;:&quot;default&quot;,&quot;ignore_items_size&quot;:0,&quot;items_layout&quot;:&quot;547&quot;,&quot;items_offset&quot;:&quot;1&quot;,&quot;load_animation&quot;:&quot;none&quot;,&quot;overriding_link&quot;:&quot;%7B%22url%22%3A%22%22%7D&quot;,&quot;post_id&quot;:0,&quot;query_args&quot;:{&quot;post_type&quot;:[&quot;us_portfolio&quot;],&quot;post_status&quot;:[&quot;publish&quot;,&quot;acf-disabled&quot;],&quot;posts_per_page&quot;:&quot;12&quot;},&quot;orderby_query_args&quot;:{&quot;orderby&quot;:{&quot;date&quot;:&quot;DESC&quot;}},&quot;type&quot;:&quot;grid&quot;,&quot;us_grid_post_type&quot;:&quot;us_portfolio&quot;,&quot;us_grid_ajax_index&quot;:1,&quot;us_grid_filter_query_string&quot;:null,&quot;us_grid_index&quot;:1,&quot;page_args&quot;:[],&quot;lang&quot;:&quot;es&quot;}}'><\/div>\r\n\t<\/div><\/div><\/div><\/div><\/div><\/section>\n","protected":false},"excerpt":{"rendered":"Este proyecto es el resultado de un a\u00f1o colaboraci\u00f3n con los fundadores y el equipo de marketing y dise\u00f1o de Meze Audio. Al explorar su historia e identidad, desarrollamos una estrategia de marca integral y un plan de posicionamiento creativo que defini\u00f3 su visi\u00f3n para el presente y el futuro. Un equipo de diez creativos...","protected":false},"author":2,"featured_media":0,"parent":0,"menu_order":0,"comment_status":"closed","ping_status":"closed","template":"","meta":{"_seopress_robots_primary_cat":"","_seopress_titles_title":"","_seopress_titles_desc":"","_seopress_robots_index":"","footnotes":""},"class_list":["post-682","page","type-page","status-publish","hentry"],"acf":[],"_links":{"self":[{"href":"https:\/\/www.loveandfearstudio.com\/es\/wp-json\/wp\/v2\/pages\/682","targetHints":{"allow":["GET"]}}],"collection":[{"href":"https:\/\/www.loveandfearstudio.com\/es\/wp-json\/wp\/v2\/pages"}],"about":[{"href":"https:\/\/www.loveandfearstudio.com\/es\/wp-json\/wp\/v2\/types\/page"}],"author":[{"embeddable":true,"href":"https:\/\/www.loveandfearstudio.com\/es\/wp-json\/wp\/v2\/users\/2"}],"replies":[{"embeddable":true,"href":"https:\/\/www.loveandfearstudio.com\/es\/wp-json\/wp\/v2\/comments?post=682"}],"version-history":[{"count":4,"href":"https:\/\/www.loveandfearstudio.com\/es\/wp-json\/wp\/v2\/pages\/682\/revisions"}],"predecessor-version":[{"id":695,"href":"https:\/\/www.loveandfearstudio.com\/es\/wp-json\/wp\/v2\/pages\/682\/revisions\/695"}],"wp:attachment":[{"href":"https:\/\/www.loveandfearstudio.com\/es\/wp-json\/wp\/v2\/media?parent=682"}],"curies":[{"name":"wp","href":"https:\/\/api.w.org\/{rel}","templated":true}]}}